{"id":23027,"date":"2022-12-21T13:16:11","date_gmt":"2022-12-21T13:16:11","guid":{"rendered":"https:\/\/moirai.si\/?post_type=product&#038;p=23027"},"modified":"2023-03-04T22:19:04","modified_gmt":"2023-03-04T22:19:04","slug":"versy-bronzit-2","status":"publish","type":"product","link":"https:\/\/moirai.si\/hr\/izdelek\/versy-bronzit-2\/","title":{"rendered":"Versy Bronzit"},"content":{"rendered":"<p>Unikatan privjesak kolekcije Versy Bronzit na crni ko\u017ei podesive duljine (povucite \u010dvor gore ili dolje). Ogrlica je unisex i pogodna je za djecu i odrasle. <\/p>\n<p>Vi\u0161e informacija: <a href=\"https:\/\/moirai.si\/hr\/bronzit\/\" target=\"_blank\" rel=\"noopener noreferrer\">Bronzit<\/a><\/p>\n<p>MATERIJAL: Bronzit, crna ko\u017ea<br \/>\nDU\u017dINA: podesiva (38-77 cm)<br \/>\nTE\u017dINA: 52 g<br \/>\nVELI\u010cINA KAMENA: 3,6-5,8 cm<br \/>\nDEBLJINA KAMENA: 0,9 cm <\/p>","protected":false},"excerpt":{"rendered":"<p>Unikaten obesek kolekcije Versy iz Bronzita na \u010drnem usnjenem traku s prilagodljivo dol\u017eino (poteg vozla gor oz. dol). Ogrlica je unisex in je primerna za otroke in odrasle. Ve\u010d informacij: Bronzit MATERIAL: Bronzit, \u010drno usnje DOL\u017dINA: prilagodljiva (38-77 cm) TE\u017dA: 52 g VELIKOST KAMNA: 3.6-5.8 cm DEBELINA KAMNA: 0.9 cm<\/p>","protected":false},"featured_media":23028,"template":"","meta":[],"product_brand":[],"product_cat":[520,92,309],"product_tag":[484,648],"class_list":{"0":"post-23027","1":"product","2":"type-product","3":"status-publish","4":"has-post-thumbnail","6":"product_cat-bronzit","7":"product_cat-obeski-in-usnje","8":"product_cat-versy","9":"product_tag-bronzit","10":"product_tag-crno-usnje","12":"first","13":"instock","14":"shipping-taxable","15":"purchasable","16":"product-type-simple"},"_links":{"self":[{"href":"https:\/\/moirai.si\/hr\/wp-json\/wp\/v2\/product\/23027","targetHints":{"allow":["GET"]}}],"collection":[{"href":"https:\/\/moirai.si\/hr\/wp-json\/wp\/v2\/product"}],"about":[{"href":"https:\/\/moirai.si\/hr\/wp-json\/wp\/v2\/types\/product"}],"wp:featuredmedia":[{"embeddable":true,"href":"https:\/\/moirai.si\/hr\/wp-json\/wp\/v2\/media\/23028"}],"wp:attachment":[{"href":"https:\/\/moirai.si\/hr\/wp-json\/wp\/v2\/media?parent=23027"}],"wp:term":[{"taxonomy":"product_brand","embeddable":true,"href":"https:\/\/moirai.si\/hr\/wp-json\/wp\/v2\/product_brand?post=23027"},{"taxonomy":"product_cat","embeddable":true,"href":"https:\/\/moirai.si\/hr\/wp-json\/wp\/v2\/product_cat?post=23027"},{"taxonomy":"product_tag","embeddable":true,"href":"https:\/\/moirai.si\/hr\/wp-json\/wp\/v2\/product_tag?post=23027"}],"curies":[{"name":"wp","href":"https:\/\/api.w.org\/{rel}","templated":true}]}}