{"id":23199,"date":"2023-01-25T16:35:39","date_gmt":"2023-01-25T16:35:39","guid":{"rendered":"https:\/\/moirai.si\/?post_type=product&#038;p=23199"},"modified":"2025-01-12T20:07:20","modified_gmt":"2025-01-12T20:07:20","slug":"clasic-kalcit-oranzni-4","status":"publish","type":"product","link":"https:\/\/moirai.si\/hr\/izdelek\/clasic-kalcit-oranzni-4\/","title":{"rendered":"Clasic Kalcit naran\u010dasti"},"content":{"rendered":"<p>Elegantne nau\u0161nice iz kolekcije Clasic od naran\u010dastog kalcita i srebra 925.<\/p>\n<p>MATERIAL: naran\u010dasti kalcit, 925 srebro<br \/>\nVELI\u010cINA KAMENA: 10 mm<br \/>\nTE\u017dINA: 3.6 g<br \/>\nDU\u017dINA NAU\u0160NICE: 3,4 cm<\/p>","protected":false},"excerpt":{"rendered":"<p>Elegantni uhani kolekcije Clasic, ki so narejeni iz oran\u017enega Kalcita in srebra 925. MATERIAL: oran\u017eni Kalcit, srebro 925 VELIKOST KAMNOV: 10 mm TE\u017dA: 3.6 g DOL\u017dINA UHANA: 3.4 cm<\/p>","protected":false},"featured_media":23200,"template":"","meta":[],"product_brand":[],"product_cat":[208,747,1138,27,1141],"product_tag":[741,371],"class_list":{"0":"post-23199","1":"product","2":"type-product","3":"status-publish","4":"has-post-thumbnail","6":"product_cat-clasic","7":"product_cat-kalcit","8":"product_cat-ogled-vseh-uhani","9":"product_cat-uhani","10":"product_cat-uhani-clasic","11":"product_tag-oranzni-kalcit","12":"product_tag-srebro-925","14":"first","15":"instock","16":"shipping-taxable","17":"purchasable","18":"product-type-simple"},"_links":{"self":[{"href":"https:\/\/moirai.si\/hr\/wp-json\/wp\/v2\/product\/23199","targetHints":{"allow":["GET"]}}],"collection":[{"href":"https:\/\/moirai.si\/hr\/wp-json\/wp\/v2\/product"}],"about":[{"href":"https:\/\/moirai.si\/hr\/wp-json\/wp\/v2\/types\/product"}],"wp:featuredmedia":[{"embeddable":true,"href":"https:\/\/moirai.si\/hr\/wp-json\/wp\/v2\/media\/23200"}],"wp:attachment":[{"href":"https:\/\/moirai.si\/hr\/wp-json\/wp\/v2\/media?parent=23199"}],"wp:term":[{"taxonomy":"product_brand","embeddable":true,"href":"https:\/\/moirai.si\/hr\/wp-json\/wp\/v2\/product_brand?post=23199"},{"taxonomy":"product_cat","embeddable":true,"href":"https:\/\/moirai.si\/hr\/wp-json\/wp\/v2\/product_cat?post=23199"},{"taxonomy":"product_tag","embeddable":true,"href":"https:\/\/moirai.si\/hr\/wp-json\/wp\/v2\/product_tag?post=23199"}],"curies":[{"name":"wp","href":"https:\/\/api.w.org\/{rel}","templated":true}]}}