{"id":23216,"date":"2023-01-26T11:53:28","date_gmt":"2023-01-26T11:53:28","guid":{"rendered":"https:\/\/moirai.si\/?post_type=product&#038;p=23216"},"modified":"2025-10-23T10:32:02","modified_gmt":"2025-10-23T10:32:02","slug":"klasicni-ametistni-chevron","status":"publish","type":"product","link":"https:\/\/moirai.si\/hr\/izdelek\/clasic-ametist-chevron\/","title":{"rendered":"Clasic Ametist Chevron"},"content":{"rendered":"<p>Nau\u0161nice Ametist i rodinirano srebro 925.<\/p>\n<p>Vi\u0161e informacija: <a href=\"https:\/\/moirai.si\/hr\/ametist\/\" target=\"_blank\" rel=\"noopener noreferrer\">Ametist<\/a><\/p>\n<p>MATERIJAL: fasetirani ametist Chevron, srebro 925 s rodijem<br \/>\nVELI\u010cINA KAMENA: 10 mm<br \/>\nTE\u017dINA: 3,8 g<br \/>\nDU\u017dINA NAU\u0160NICE: 3.5 cm<\/p>","protected":false},"excerpt":{"rendered":"<p>Elegantni uhani kolekcije Clasic, ki so narejeni iz Ametista in rodiniranega srebra 925. Ve\u010d informacij: Ametist MATERIAL: fasetiran Ametist Chevron, rodinirano srebro 925 VELIKOST KAMNOV: 10 mm TE\u017dA: 3,8 g DOL\u017dINA UHANA: 3.5 cm<\/p>","protected":false},"featured_media":25079,"template":"","meta":[],"product_brand":[],"product_cat":[33,208,848,1138,27,1141],"product_tag":[1082,637],"class_list":{"0":"post-23216","1":"product","2":"type-product","3":"status-publish","4":"has-post-thumbnail","6":"product_cat-ametist","7":"product_cat-clasic","8":"product_cat-kvarc","9":"product_cat-ogled-vseh-uhani","10":"product_cat-uhani","11":"product_cat-uhani-clasic","12":"product_tag-fasetiran-ametist-chevron","13":"product_tag-rodinirano-srebro-925","15":"first","16":"instock","17":"shipping-taxable","18":"purchasable","19":"product-type-simple"},"_links":{"self":[{"href":"https:\/\/moirai.si\/hr\/wp-json\/wp\/v2\/product\/23216","targetHints":{"allow":["GET"]}}],"collection":[{"href":"https:\/\/moirai.si\/hr\/wp-json\/wp\/v2\/product"}],"about":[{"href":"https:\/\/moirai.si\/hr\/wp-json\/wp\/v2\/types\/product"}],"wp:featuredmedia":[{"embeddable":true,"href":"https:\/\/moirai.si\/hr\/wp-json\/wp\/v2\/media\/25079"}],"wp:attachment":[{"href":"https:\/\/moirai.si\/hr\/wp-json\/wp\/v2\/media?parent=23216"}],"wp:term":[{"taxonomy":"product_brand","embeddable":true,"href":"https:\/\/moirai.si\/hr\/wp-json\/wp\/v2\/product_brand?post=23216"},{"taxonomy":"product_cat","embeddable":true,"href":"https:\/\/moirai.si\/hr\/wp-json\/wp\/v2\/product_cat?post=23216"},{"taxonomy":"product_tag","embeddable":true,"href":"https:\/\/moirai.si\/hr\/wp-json\/wp\/v2\/product_tag?post=23216"}],"curies":[{"name":"wp","href":"https:\/\/api.w.org\/{rel}","templated":true}]}}