{"id":23224,"date":"2023-01-26T12:41:30","date_gmt":"2023-01-26T12:41:30","guid":{"rendered":"https:\/\/moirai.si\/?post_type=product&#038;p=23224"},"modified":"2025-12-22T11:56:27","modified_gmt":"2025-12-22T11:56:27","slug":"samo-5-mjeseci-4","status":"publish","type":"product","link":"https:\/\/moirai.si\/hr\/izdelek\/le-petit-mesecev-4\/","title":{"rendered":"Le Petit Dugin mjese\u010dev kamen"},"content":{"rendered":"<p>Elegantne nau\u0161nice iz kolekcije Le Petit, izra\u0111ene od mjese\u010devog kamena i srebra 925 s rodijskim premazom.<\/p>\n<p>MATERIJAL: Mjese\u010dev kamen (boje marelice), srebro 925 s rodijem<br \/>\nVELI\u010cINA KAMENA: 8 mm<br \/>\nTE\u017dINA: 2,2 g<br \/>\nDU\u017dINA: 1,9 cm<\/p>","protected":false},"excerpt":{"rendered":"<p>Elegantni uhani kolekcije Le Petit, ki so narejeni iz Mese\u010devega kamna in rodiniranega srebra 925. MATERIAL: Mese\u010dev kamen (mareli\u010dna barva), rodinirano srebro 925 VELIKOST KAMNOV: 8 mm TE\u017dA: 2.2 g DOL\u017dINA: 1.9 cm<\/p>","protected":false},"featured_media":24032,"template":"","meta":[],"product_brand":[],"product_cat":[211,59,1138,27,1143],"product_tag":[1084,637],"class_list":{"0":"post-23224","1":"product","2":"type-product","3":"status-publish","4":"has-post-thumbnail","6":"product_cat-le-petit","7":"product_cat-mesecev-kamen","8":"product_cat-ogled-vseh-uhani","9":"product_cat-uhani","10":"product_cat-uhani-le-petit","11":"product_tag-mesecev-kamen-marelicna-barva","12":"product_tag-rodinirano-srebro-925","14":"first","15":"instock","16":"shipping-taxable","17":"purchasable","18":"product-type-simple"},"_links":{"self":[{"href":"https:\/\/moirai.si\/hr\/wp-json\/wp\/v2\/product\/23224","targetHints":{"allow":["GET"]}}],"collection":[{"href":"https:\/\/moirai.si\/hr\/wp-json\/wp\/v2\/product"}],"about":[{"href":"https:\/\/moirai.si\/hr\/wp-json\/wp\/v2\/types\/product"}],"wp:featuredmedia":[{"embeddable":true,"href":"https:\/\/moirai.si\/hr\/wp-json\/wp\/v2\/media\/24032"}],"wp:attachment":[{"href":"https:\/\/moirai.si\/hr\/wp-json\/wp\/v2\/media?parent=23224"}],"wp:term":[{"taxonomy":"product_brand","embeddable":true,"href":"https:\/\/moirai.si\/hr\/wp-json\/wp\/v2\/product_brand?post=23224"},{"taxonomy":"product_cat","embeddable":true,"href":"https:\/\/moirai.si\/hr\/wp-json\/wp\/v2\/product_cat?post=23224"},{"taxonomy":"product_tag","embeddable":true,"href":"https:\/\/moirai.si\/hr\/wp-json\/wp\/v2\/product_tag?post=23224"}],"curies":[{"name":"wp","href":"https:\/\/api.w.org\/{rel}","templated":true}]}}