{"id":23236,"date":"2023-01-26T13:42:03","date_gmt":"2023-01-26T13:42:03","guid":{"rendered":"https:\/\/moirai.si\/?post_type=product&#038;p=23236"},"modified":"2025-12-16T15:37:12","modified_gmt":"2025-12-16T15:37:12","slug":"mali-opsidijanski-snijeg-2","status":"publish","type":"product","link":"https:\/\/moirai.si\/hr\/izdelek\/le-petit-obsidijan-snezni-2\/","title":{"rendered":"Le Petit Opsidian Snje\u017eni"},"content":{"rendered":"<p>Elegantni uhani kolekcije Le Petit, ki so narejeni iz Sne\u017enega Obsidijana in srebra 925. Slika je simboli\u010dna. Mo\u017ena so manj\u0161a odstopanja v barvi.<\/p>\n<p>MATERIAL: Snje\u017eni  Opsidijan, srebro 925<br \/>\nVELI\u010cINA KAMENA: 8 mm<br \/>\nTE\u017dINA: 2,4 g<br \/>\nDU\u017dINA: 1,9 cm<\/p>","protected":false},"excerpt":{"rendered":"<p>Elegantni uhani kolekcije Le Petit, ki so narejeni iz Sne\u017enega Obsidijana in srebra 925. Slika je simboli\u010dna. Mo\u017ena so manj\u0161a odstopanja v barvi. MATERIAL: Sne\u017eni Obsidijan, srebro 925 VELIKOST KAMNOV: 8 mm TE\u017dA: 2,4 g DOL\u017dINA: 1.9 cm<\/p>","protected":false},"featured_media":25701,"template":"","meta":[],"product_brand":[],"product_cat":[211,63,1138,27,1143],"product_tag":[226,371],"class_list":{"0":"post-23236","1":"product","2":"type-product","3":"status-publish","4":"has-post-thumbnail","6":"product_cat-le-petit","7":"product_cat-obsidijan","8":"product_cat-ogled-vseh-uhani","9":"product_cat-uhani","10":"product_cat-uhani-le-petit","11":"product_tag-snezni-obsidijan","12":"product_tag-srebro-925","14":"first","15":"instock","16":"shipping-taxable","17":"purchasable","18":"product-type-simple"},"_links":{"self":[{"href":"https:\/\/moirai.si\/hr\/wp-json\/wp\/v2\/product\/23236","targetHints":{"allow":["GET"]}}],"collection":[{"href":"https:\/\/moirai.si\/hr\/wp-json\/wp\/v2\/product"}],"about":[{"href":"https:\/\/moirai.si\/hr\/wp-json\/wp\/v2\/types\/product"}],"wp:featuredmedia":[{"embeddable":true,"href":"https:\/\/moirai.si\/hr\/wp-json\/wp\/v2\/media\/25701"}],"wp:attachment":[{"href":"https:\/\/moirai.si\/hr\/wp-json\/wp\/v2\/media?parent=23236"}],"wp:term":[{"taxonomy":"product_brand","embeddable":true,"href":"https:\/\/moirai.si\/hr\/wp-json\/wp\/v2\/product_brand?post=23236"},{"taxonomy":"product_cat","embeddable":true,"href":"https:\/\/moirai.si\/hr\/wp-json\/wp\/v2\/product_cat?post=23236"},{"taxonomy":"product_tag","embeddable":true,"href":"https:\/\/moirai.si\/hr\/wp-json\/wp\/v2\/product_tag?post=23236"}],"curies":[{"name":"wp","href":"https:\/\/api.w.org\/{rel}","templated":true}]}}