{"id":23246,"date":"2023-01-26T13:57:25","date_gmt":"2023-01-26T13:57:25","guid":{"rendered":"https:\/\/moirai.si\/?post_type=product&#038;p=23246"},"modified":"2026-03-26T13:20:52","modified_gmt":"2026-03-26T13:20:52","slug":"le-petit-amazonit-4","status":"publish","type":"product","link":"https:\/\/moirai.si\/hr\/izdelek\/le-petit-amazonit-4\/","title":{"rendered":"Le Petit Amazonit"},"content":{"rendered":"<p>Elegantne nau\u0161nice iz Le Petit kolekcije koje su izra\u0111ene od Amazonita i rodiniranog srebra fino\u0107e 925. Slika je simboli\u010dna. Mogu\u0107a su mala odstupanja u boji.<\/p>\n<p>Vi\u0161e informacija: <a href=\"https:\/\/moirai.si\/hr\/amazonit\/\" target=\"_blank\" rel=\"noopener noreferrer\">Amazonit<\/a><\/p>\n<p>MATERIAL: Amazonit, rodinirano srebro 925<br \/>\nVELI\u010cINA KAMENA: 6 mm<br \/>\nTE\u017dA: 1,5 g<br \/>\nDU\u017dINA: 1,9 cm<\/p>","protected":false},"excerpt":{"rendered":"<p>Elegantni uhani kolekcije Le Petit, ki so narejeni iz Amazonita in rodiniranega srebra 925. Slika je simboli\u010dna. Mo\u017ena so manj\u0161a odstopanja v barvi. Ve\u010d informacij: Amazonit MATERIAL: Amazonit, rodinirano srebro 925 VELIKOST KAMNOV: 6 mm TE\u017dA: 1,5 g DOL\u017dINA: 1.9 cm<\/p>","protected":false},"featured_media":25076,"template":"","meta":[],"product_brand":[],"product_cat":[32,211,1138,27,1143],"product_tag":[228,637],"class_list":{"0":"post-23246","1":"product","2":"type-product","3":"status-publish","4":"has-post-thumbnail","6":"product_cat-amazonit","7":"product_cat-le-petit","8":"product_cat-ogled-vseh-uhani","9":"product_cat-uhani","10":"product_cat-uhani-le-petit","11":"product_tag-amazonit","12":"product_tag-rodinirano-srebro-925","14":"first","15":"instock","16":"featured","17":"shipping-taxable","18":"purchasable","19":"product-type-simple"},"_links":{"self":[{"href":"https:\/\/moirai.si\/hr\/wp-json\/wp\/v2\/product\/23246","targetHints":{"allow":["GET"]}}],"collection":[{"href":"https:\/\/moirai.si\/hr\/wp-json\/wp\/v2\/product"}],"about":[{"href":"https:\/\/moirai.si\/hr\/wp-json\/wp\/v2\/types\/product"}],"wp:featuredmedia":[{"embeddable":true,"href":"https:\/\/moirai.si\/hr\/wp-json\/wp\/v2\/media\/25076"}],"wp:attachment":[{"href":"https:\/\/moirai.si\/hr\/wp-json\/wp\/v2\/media?parent=23246"}],"wp:term":[{"taxonomy":"product_brand","embeddable":true,"href":"https:\/\/moirai.si\/hr\/wp-json\/wp\/v2\/product_brand?post=23246"},{"taxonomy":"product_cat","embeddable":true,"href":"https:\/\/moirai.si\/hr\/wp-json\/wp\/v2\/product_cat?post=23246"},{"taxonomy":"product_tag","embeddable":true,"href":"https:\/\/moirai.si\/hr\/wp-json\/wp\/v2\/product_tag?post=23246"}],"curies":[{"name":"wp","href":"https:\/\/api.w.org\/{rel}","templated":true}]}}