{"id":23254,"date":"2023-01-26T14:13:32","date_gmt":"2023-01-26T14:13:32","guid":{"rendered":"https:\/\/moirai.si\/?post_type=product&#038;p=23254"},"modified":"2025-12-16T15:41:43","modified_gmt":"2025-12-16T15:41:43","slug":"le-petit-akvamarin","status":"publish","type":"product","link":"https:\/\/moirai.si\/hr\/izdelek\/le-petit-akvamarin\/","title":{"rendered":"Le Petit Akvamarin"},"content":{"rendered":"<p>Elegantne nau\u0161nice iz Clasic kolekcije koje su izra\u0111ene od Akvamarina i rodiniranog srebra fino\u0107e 925. Slika je simboli\u010dna. Mogu\u0107a su mala odstupanja u boji.<\/p>\n<p>Vi\u0161e informacija: <a href=\"https:\/\/moirai.si\/hr\/akvamarin\/\" target=\"_blank\" rel=\"noopener noreferrer\">Akvamarin<\/a><\/p>\n<p>MATERIJAL: Akvamarin, srebro 925 s rodijem<br \/>\nVELI\u010cINA KAMENA: 8 mm<br \/>\nTE\u017dINA: 2,3 g<br \/>\nDU\u017dINA: 1,9 cm<\/p>","protected":false},"excerpt":{"rendered":"<p>Elegantni uhani kolekcije Le Petit, ki so narejeni iz Akvamarina in rodiniranega srebra 925. Slika je simboli\u010dna. Mo\u017ena so manj\u0161a odstopanja v barvi in te\u017ei. Ve\u010d informacij: Akvamarin MATERIAL: Akvamarin, rodinirano srebro 925 VELIKOST KAMNOV: 8 mm TE\u017dA: 2.3 g DOL\u017dINA: 1.9 cm<\/p>","protected":false},"featured_media":25075,"template":"","meta":[],"product_brand":[],"product_cat":[34,211,1138,27,1143],"product_tag":[311,637],"class_list":{"0":"post-23254","1":"product","2":"type-product","3":"status-publish","4":"has-post-thumbnail","6":"product_cat-akvamarin","7":"product_cat-le-petit","8":"product_cat-ogled-vseh-uhani","9":"product_cat-uhani","10":"product_cat-uhani-le-petit","11":"product_tag-akvamarin","12":"product_tag-rodinirano-srebro-925","14":"first","15":"instock","16":"shipping-taxable","17":"purchasable","18":"product-type-simple"},"_links":{"self":[{"href":"https:\/\/moirai.si\/hr\/wp-json\/wp\/v2\/product\/23254","targetHints":{"allow":["GET"]}}],"collection":[{"href":"https:\/\/moirai.si\/hr\/wp-json\/wp\/v2\/product"}],"about":[{"href":"https:\/\/moirai.si\/hr\/wp-json\/wp\/v2\/types\/product"}],"wp:featuredmedia":[{"embeddable":true,"href":"https:\/\/moirai.si\/hr\/wp-json\/wp\/v2\/media\/25075"}],"wp:attachment":[{"href":"https:\/\/moirai.si\/hr\/wp-json\/wp\/v2\/media?parent=23254"}],"wp:term":[{"taxonomy":"product_brand","embeddable":true,"href":"https:\/\/moirai.si\/hr\/wp-json\/wp\/v2\/product_brand?post=23254"},{"taxonomy":"product_cat","embeddable":true,"href":"https:\/\/moirai.si\/hr\/wp-json\/wp\/v2\/product_cat?post=23254"},{"taxonomy":"product_tag","embeddable":true,"href":"https:\/\/moirai.si\/hr\/wp-json\/wp\/v2\/product_tag?post=23254"}],"curies":[{"name":"wp","href":"https:\/\/api.w.org\/{rel}","templated":true}]}}