{"id":23279,"date":"2023-02-07T12:31:21","date_gmt":"2023-02-07T12:31:21","guid":{"rendered":"https:\/\/moirai.si\/?post_type=product&#038;p=23279"},"modified":"2025-01-06T17:24:56","modified_gmt":"2025-01-06T17:24:56","slug":"obesek-hrizokol-2","status":"publish","type":"product","link":"https:\/\/moirai.si\/hr\/izdelek\/obesek-hrizokol-2\/","title":{"rendered":"Privjesak Krizokola"},"content":{"rendered":"<p>Prekrasan privjesak od 925 srebra i krizokole. Lanac nije uklju\u010den u cijenu. Ovdje mo\u017eete odabrati novi lanac: <a href=\"https:\/\/moirai.si\/hr\/kategorija-proizvoda\/privjesci-i-lancici\/lanci-i-uzice\/\" target=\"_blank\" rel=\"noopener noreferrer\">Lanci<\/a><\/p>\n<p>MATERIJAL: Krizokola, srebro 925<br \/>\nTE\u017dA: 31,1 g<br \/>\nVELI\u010cINA PRIVJESKA: 3-5,4 cm<br \/>\nDEBLJINA KAMENA: 1,6 cm<\/p>","protected":false},"excerpt":{"rendered":"<p>\u010cudovit obesek iz srebra 925 in Hrizokola. Veri\u017eica ni vklju\u010dena v ceno. Novo veri\u017eico si lahko izberete tukaj: Veri\u017eice MATERIAL: Hrizokol, Srebro 925 TE\u017dA: 31,1 g VELIKOST OBESKA: 3-5,4 cm DEBELINA KAMNA: 1,6 cm<\/p>","protected":false},"featured_media":23280,"template":"","meta":[],"product_brand":[],"product_cat":[780,910],"product_tag":[777,371],"class_list":{"0":"post-23279","1":"product","2":"type-product","3":"status-publish","4":"has-post-thumbnail","6":"product_cat-hrizokol","7":"product_cat-obeski-in-srebro","8":"product_tag-hrizokol","9":"product_tag-srebro-925","11":"first","12":"instock","13":"shipping-taxable","14":"purchasable","15":"product-type-simple"},"_links":{"self":[{"href":"https:\/\/moirai.si\/hr\/wp-json\/wp\/v2\/product\/23279","targetHints":{"allow":["GET"]}}],"collection":[{"href":"https:\/\/moirai.si\/hr\/wp-json\/wp\/v2\/product"}],"about":[{"href":"https:\/\/moirai.si\/hr\/wp-json\/wp\/v2\/types\/product"}],"wp:featuredmedia":[{"embeddable":true,"href":"https:\/\/moirai.si\/hr\/wp-json\/wp\/v2\/media\/23280"}],"wp:attachment":[{"href":"https:\/\/moirai.si\/hr\/wp-json\/wp\/v2\/media?parent=23279"}],"wp:term":[{"taxonomy":"product_brand","embeddable":true,"href":"https:\/\/moirai.si\/hr\/wp-json\/wp\/v2\/product_brand?post=23279"},{"taxonomy":"product_cat","embeddable":true,"href":"https:\/\/moirai.si\/hr\/wp-json\/wp\/v2\/product_cat?post=23279"},{"taxonomy":"product_tag","embeddable":true,"href":"https:\/\/moirai.si\/hr\/wp-json\/wp\/v2\/product_tag?post=23279"}],"curies":[{"name":"wp","href":"https:\/\/api.w.org\/{rel}","templated":true}]}}