{"id":23293,"date":"2023-02-07T13:34:43","date_gmt":"2023-02-07T13:34:43","guid":{"rendered":"https:\/\/moirai.si\/?post_type=product&#038;p=23293"},"modified":"2025-01-06T17:24:49","modified_gmt":"2025-01-06T17:24:49","slug":"obesek-tigrovo-oko-5","status":"publish","type":"product","link":"https:\/\/moirai.si\/hr\/izdelek\/obesek-tigrovo-oko-5\/","title":{"rendered":"Privjesak Tigrovo oko"},"content":{"rendered":"<p>Privjesak Tigrovo oko i srebro 925. Lanac nije uklju\u010den u cijenu. Ovdje mo\u017eete odabrati novi lanac: <a href=\"https:\/\/moirai.si\/hr\/kategorija-proizvoda\/privjesci-i-lancici\/lanci-i-uzice\/\" target=\"_blank\" rel=\"noopener noreferrer\">Lanci<\/a><\/p>\n<p>MATERIAL: Tigrovo Oko, Srebro 925<br \/>\nTE\u017dA: 20,2 g<br \/>\nVELI\u010cINA PRIVJESKA: 2,3-4,5 cm<br \/>\nDEBLJINA KAMENA: 0,9 cm<\/p>","protected":false},"excerpt":{"rendered":"<p>\u010cudovit obesek iz srebra 925 in Tigrovega O\u010desa. Veri\u017eica ni vklju\u010dena v ceno. Novo veri\u017eico si lahko izberete tukaj: Veri\u017eice MATERIAL: Tigrovo Oko, Srebro 925 TE\u017dA: 20,2 g VELIKOST OBESKA: 2,3-4,5 cm DEBELINA KAMNA: 0,9 cm<\/p>","protected":false},"featured_media":23294,"template":"","meta":[],"product_brand":[],"product_cat":[910,81],"product_tag":[371,199],"class_list":{"0":"post-23293","1":"product","2":"type-product","3":"status-publish","4":"has-post-thumbnail","6":"product_cat-obeski-in-srebro","7":"product_cat-tigrovo-oko","8":"product_tag-srebro-925","9":"product_tag-tigrovo-oko","11":"first","12":"instock","13":"shipping-taxable","14":"purchasable","15":"product-type-simple"},"_links":{"self":[{"href":"https:\/\/moirai.si\/hr\/wp-json\/wp\/v2\/product\/23293","targetHints":{"allow":["GET"]}}],"collection":[{"href":"https:\/\/moirai.si\/hr\/wp-json\/wp\/v2\/product"}],"about":[{"href":"https:\/\/moirai.si\/hr\/wp-json\/wp\/v2\/types\/product"}],"wp:featuredmedia":[{"embeddable":true,"href":"https:\/\/moirai.si\/hr\/wp-json\/wp\/v2\/media\/23294"}],"wp:attachment":[{"href":"https:\/\/moirai.si\/hr\/wp-json\/wp\/v2\/media?parent=23293"}],"wp:term":[{"taxonomy":"product_brand","embeddable":true,"href":"https:\/\/moirai.si\/hr\/wp-json\/wp\/v2\/product_brand?post=23293"},{"taxonomy":"product_cat","embeddable":true,"href":"https:\/\/moirai.si\/hr\/wp-json\/wp\/v2\/product_cat?post=23293"},{"taxonomy":"product_tag","embeddable":true,"href":"https:\/\/moirai.si\/hr\/wp-json\/wp\/v2\/product_tag?post=23293"}],"curies":[{"name":"wp","href":"https:\/\/api.w.org\/{rel}","templated":true}]}}