{"id":23319,"date":"2023-02-08T12:24:11","date_gmt":"2023-02-08T12:24:11","guid":{"rendered":"https:\/\/moirai.si\/?post_type=product&#038;p=23319"},"modified":"2025-02-19T18:42:46","modified_gmt":"2025-02-19T18:42:46","slug":"obesek-dendrit-opal-ahat-10","status":"publish","type":"product","link":"https:\/\/moirai.si\/hr\/izdelek\/obesek-dendrit-opal-ahat-10\/","title":{"rendered":"Privjesak Dendrit Opal Ahat"},"content":{"rendered":"<p>Prekrasan privjesak od 925 srebra i Dendrit Opal Ahata. Lanac nije uklju\u010den u cijenu. Ovdje mo\u017eete odabrati novi lanac: <a href=\"https:\/\/moirai.si\/hr\/kategorija-proizvoda\/privjesci-i-lancici\/lanci-i-uzice\/\" target=\"_blank\" rel=\"noopener noreferrer\">Lanci<\/a><\/p>\n<p>Vi\u0161e informacija: <a href=\"https:\/\/moirai.si\/hr\/ahat\/\" target=\"_blank\" rel=\"noopener noreferrer\">Ahat<\/a><\/p>\n<p>MATERIJAL: Dendrit Opal Ahat, Srebro 925<br \/>\nTE\u017dINA: 12,1 g<br \/>\nVELIKOST OBESKA: 2,2-3,9 cm<br \/>\nDEBLJINA KAMENA: 1 cm<\/p>","protected":false},"excerpt":{"rendered":"<p>\u010cudovit obesek iz srebra 925 in Dendrit Opal Ahata. Veri\u017eica ni vklju\u010dena v ceno. Novo veri\u017eico si lahko izberete tukaj: Veri\u017eice Ve\u010d informacij: Ahat MATERIAL: Dendrit Opal Ahat, Srebro 925 TE\u017dA: 12,1 g VELIKOST OBESKA: 2,2-3,9 cm DEBELINA KAMNA: 1 cm<\/p>","protected":false},"featured_media":23320,"template":"","meta":[],"product_brand":[],"product_cat":[30,910,64],"product_tag":[912,371],"class_list":{"0":"post-23319","1":"product","2":"type-product","3":"status-publish","4":"has-post-thumbnail","6":"product_cat-ahat","7":"product_cat-obeski-in-srebro","8":"product_cat-opal","9":"product_tag-dendrit-opal-ahat","10":"product_tag-srebro-925","12":"first","13":"instock","14":"shipping-taxable","15":"purchasable","16":"product-type-simple"},"_links":{"self":[{"href":"https:\/\/moirai.si\/hr\/wp-json\/wp\/v2\/product\/23319","targetHints":{"allow":["GET"]}}],"collection":[{"href":"https:\/\/moirai.si\/hr\/wp-json\/wp\/v2\/product"}],"about":[{"href":"https:\/\/moirai.si\/hr\/wp-json\/wp\/v2\/types\/product"}],"wp:featuredmedia":[{"embeddable":true,"href":"https:\/\/moirai.si\/hr\/wp-json\/wp\/v2\/media\/23320"}],"wp:attachment":[{"href":"https:\/\/moirai.si\/hr\/wp-json\/wp\/v2\/media?parent=23319"}],"wp:term":[{"taxonomy":"product_brand","embeddable":true,"href":"https:\/\/moirai.si\/hr\/wp-json\/wp\/v2\/product_brand?post=23319"},{"taxonomy":"product_cat","embeddable":true,"href":"https:\/\/moirai.si\/hr\/wp-json\/wp\/v2\/product_cat?post=23319"},{"taxonomy":"product_tag","embeddable":true,"href":"https:\/\/moirai.si\/hr\/wp-json\/wp\/v2\/product_tag?post=23319"}],"curies":[{"name":"wp","href":"https:\/\/api.w.org\/{rel}","templated":true}]}}