{"id":23375,"date":"2023-02-09T13:50:03","date_gmt":"2023-02-09T13:50:03","guid":{"rendered":"https:\/\/moirai.si\/?post_type=product&#038;p=23375"},"modified":"2025-01-06T17:23:40","modified_gmt":"2025-01-06T17:23:40","slug":"kamena-munja-privjesak-za-djecake-3","status":"publish","type":"product","link":"https:\/\/moirai.si\/hr\/izdelek\/obesek-kamena-strela-fantom-3\/","title":{"rendered":"Privjesak Gorski kristal Fantom"},"content":{"rendered":"<p>Prekrasan privjesak od Gorskog Kristala i srebra 925. Lanac nije uklju\u010den u cijenu. Ovdje mo\u017eete odabrati novi lanac <a href=\"https:\/\/moirai.si\/hr\/kategorija-proizvoda\/privjesci-i-lancici\/lanci-i-uzice\/\" target=\"_blank\" rel=\"noopener noreferrer\">Lanci<\/a><\/p>\n<p>MATERIJAL: Fantom gorski kristal, srebro 925<br \/>\nTE\u017dINA: 5,5 g<br \/>\nVELI\u010cINA PRIVJESKA: 0,9-3,9 cm<br \/>\nDEBLJINA KAMENA: 0,5 cm<\/p>","protected":false},"excerpt":{"rendered":"<p>\u010cudovit obesek iz srebra 925 in Kamene Strele, ki vklju\u010duje Fantom. Veri\u017eica ni vklju\u010dena v ceno. Novo veri\u017eico si lahko izberete tukaj: Veri\u017eice MATERIAL: Kamena Strela Fantom, Srebro 925 TE\u017dA: 5,5 g VELIKOST OBESKA: 0,9-3,9 cm DEBELINA KAMNA: 0,5 cm<\/p>","protected":false},"featured_media":25549,"template":"","meta":[],"product_brand":[],"product_cat":[68,910],"product_tag":[1078,371],"class_list":{"0":"post-23375","1":"product","2":"type-product","3":"status-publish","4":"has-post-thumbnail","6":"product_cat-kamena-strela","7":"product_cat-obeski-in-srebro","8":"product_tag-kamena-strela-fantom","9":"product_tag-srebro-925","11":"first","12":"instock","13":"shipping-taxable","14":"purchasable","15":"product-type-simple"},"_links":{"self":[{"href":"https:\/\/moirai.si\/hr\/wp-json\/wp\/v2\/product\/23375","targetHints":{"allow":["GET"]}}],"collection":[{"href":"https:\/\/moirai.si\/hr\/wp-json\/wp\/v2\/product"}],"about":[{"href":"https:\/\/moirai.si\/hr\/wp-json\/wp\/v2\/types\/product"}],"wp:featuredmedia":[{"embeddable":true,"href":"https:\/\/moirai.si\/hr\/wp-json\/wp\/v2\/media\/25549"}],"wp:attachment":[{"href":"https:\/\/moirai.si\/hr\/wp-json\/wp\/v2\/media?parent=23375"}],"wp:term":[{"taxonomy":"product_brand","embeddable":true,"href":"https:\/\/moirai.si\/hr\/wp-json\/wp\/v2\/product_brand?post=23375"},{"taxonomy":"product_cat","embeddable":true,"href":"https:\/\/moirai.si\/hr\/wp-json\/wp\/v2\/product_cat?post=23375"},{"taxonomy":"product_tag","embeddable":true,"href":"https:\/\/moirai.si\/hr\/wp-json\/wp\/v2\/product_tag?post=23375"}],"curies":[{"name":"wp","href":"https:\/\/api.w.org\/{rel}","templated":true}]}}