{"id":23452,"date":"2023-02-10T16:36:43","date_gmt":"2023-02-10T16:36:43","guid":{"rendered":"https:\/\/moirai.si\/?post_type=product&#038;p=23452"},"modified":"2025-02-19T18:42:27","modified_gmt":"2025-02-19T18:42:27","slug":"privjesak-od-mahovinastog-ahata","status":"publish","type":"product","link":"https:\/\/moirai.si\/hr\/izdelek\/obesek-ahat-mahovni\/","title":{"rendered":"Privjesak Ahat Mahovina"},"content":{"rendered":"<p>Prekrasan privjesak od 925 srebra i Mahovina Ahata. Lanac nije uklju\u010den u cijenu. Ovdje mo\u017eete odabrati novi lanac: <a href=\"https:\/\/moirai.si\/hr\/kategorija-proizvoda\/privjesci-i-lancici\/lanci-i-uzice\/\" target=\"_blank\" rel=\"noopener noreferrer\">Lanci<\/a><\/p>\n<p>Vi\u0161e informacija: <a href=\"https:\/\/moirai.si\/hr\/ahat\/\" target=\"_blank\" rel=\"noopener noreferrer\">Ahat<\/a><\/p>\n<p>MATERIJAL: mahovina ahat, srebro 925<br \/>\nTE\u017dINA: 16,8 g<br \/>\nVELI\u010cINA PRIVJESKA: 2,2-4 cm<br \/>\nDEBLJINA KAMENA: 1,4 cm<\/p>","protected":false},"excerpt":{"rendered":"<p>\u010cudovit obesek iz srebra 925 in Mahovnega Ahata. Veri\u017eica ni vklju\u010dena v ceno. Novo veri\u017eico si lahko izberete tukaj: Veri\u017eice Ve\u010d informacij: Ahat MATERIAL: Mahovni Ahat, Srebro 925 TE\u017dA: 16,8 g VELIKOST OBESKA: 2,2-4 cm DEBELINA KAMNA: 1,4 cm<\/p>","protected":false},"featured_media":23453,"template":"","meta":[],"product_brand":[],"product_cat":[30,910],"product_tag":[775,371],"class_list":{"0":"post-23452","1":"product","2":"type-product","3":"status-publish","4":"has-post-thumbnail","6":"product_cat-ahat","7":"product_cat-obeski-in-srebro","8":"product_tag-mahovni-ahat","9":"product_tag-srebro-925","11":"first","12":"instock","13":"shipping-taxable","14":"purchasable","15":"product-type-simple"},"_links":{"self":[{"href":"https:\/\/moirai.si\/hr\/wp-json\/wp\/v2\/product\/23452","targetHints":{"allow":["GET"]}}],"collection":[{"href":"https:\/\/moirai.si\/hr\/wp-json\/wp\/v2\/product"}],"about":[{"href":"https:\/\/moirai.si\/hr\/wp-json\/wp\/v2\/types\/product"}],"wp:featuredmedia":[{"embeddable":true,"href":"https:\/\/moirai.si\/hr\/wp-json\/wp\/v2\/media\/23453"}],"wp:attachment":[{"href":"https:\/\/moirai.si\/hr\/wp-json\/wp\/v2\/media?parent=23452"}],"wp:term":[{"taxonomy":"product_brand","embeddable":true,"href":"https:\/\/moirai.si\/hr\/wp-json\/wp\/v2\/product_brand?post=23452"},{"taxonomy":"product_cat","embeddable":true,"href":"https:\/\/moirai.si\/hr\/wp-json\/wp\/v2\/product_cat?post=23452"},{"taxonomy":"product_tag","embeddable":true,"href":"https:\/\/moirai.si\/hr\/wp-json\/wp\/v2\/product_tag?post=23452"}],"curies":[{"name":"wp","href":"https:\/\/api.w.org\/{rel}","templated":true}]}}