{"id":23697,"date":"2023-10-19T07:13:00","date_gmt":"2023-10-19T07:13:00","guid":{"rendered":"https:\/\/moirai.si\/?post_type=product&#038;p=23697"},"modified":"2025-01-13T14:28:57","modified_gmt":"2025-01-13T14:28:57","slug":"clasic-rubin-zoisit","status":"publish","type":"product","link":"https:\/\/moirai.si\/hr\/izdelek\/clasic-rubin-zoisit\/","title":{"rendered":"Clasic Rubin Zoisit"},"content":{"rendered":"<p>Elegantna narukvica iz kolekcije Clasic koja je izra\u0111ena od Rubin Zoisita.. Narukvica je nanizana na mekanu, ali \u010dvrstu \u010deli\u010dnu \u017eicu i zavr\u0161ena srebrnim rodiniranim elementima. Slika je simboli\u010dna. Mogu\u0107a su mala odstupanja u boji. <\/p>\n<p>MATERIAL: Rubin Zoisit, rodinirano Srebro 925<br \/>\nDU\u017dINA: podesiva 16,5-19 cm<br \/>\nTE\u017dINA: 9,6 g<br \/>\nVELI\u010cINA KAMENA: 6 mm<br \/>\nKOP\u010cA: 9 mm<\/p>","protected":false},"excerpt":{"rendered":"<p>Elegantna zapestnica kolekcije Clasic, ki je narejena iz Rubin Zoisita. Zapestnica je nizana na mehko, vendar mo\u010dno jekleno \u017eico in zaklju\u010dena z rodiniranimi srebrnimi elementi. Slika je simboli\u010dna. Mo\u017ena so manj\u0161a odstopanja v barvi in te\u017ei. MATERIAL: Rubin Zoisit, rodinirano Srebro 925 DOL\u017dINA: prilagodljiva 16.5-19 cm TE\u017dA: 9.6 g VELIKOST KAMNOV: 6 mm ZAPONKA: 9 [&hellip;]<\/p>\n","protected":false},"featured_media":23698,"template":"","meta":[],"product_brand":[],"product_cat":[208,820,821,822,1137,73,849],"product_tag":[637,844],"class_list":{"0":"post-23697","1":"product","2":"type-product","3":"status-publish","4":"has-post-thumbnail","6":"product_cat-clasic","7":"product_cat-do-18cm","8":"product_cat-od-18-do-19cm","9":"product_cat-od-19-do-20cm","10":"product_cat-ogled-vseh-zapestnice-2","11":"product_cat-rubin","12":"product_cat-zoisit","13":"product_tag-rodinirano-srebro-925","14":"product_tag-rubin-zoisit","16":"first","17":"instock","18":"shipping-taxable","19":"purchasable","20":"product-type-simple"},"_links":{"self":[{"href":"https:\/\/moirai.si\/hr\/wp-json\/wp\/v2\/product\/23697","targetHints":{"allow":["GET"]}}],"collection":[{"href":"https:\/\/moirai.si\/hr\/wp-json\/wp\/v2\/product"}],"about":[{"href":"https:\/\/moirai.si\/hr\/wp-json\/wp\/v2\/types\/product"}],"wp:featuredmedia":[{"embeddable":true,"href":"https:\/\/moirai.si\/hr\/wp-json\/wp\/v2\/media\/23698"}],"wp:attachment":[{"href":"https:\/\/moirai.si\/hr\/wp-json\/wp\/v2\/media?parent=23697"}],"wp:term":[{"taxonomy":"product_brand","embeddable":true,"href":"https:\/\/moirai.si\/hr\/wp-json\/wp\/v2\/product_brand?post=23697"},{"taxonomy":"product_cat","embeddable":true,"href":"https:\/\/moirai.si\/hr\/wp-json\/wp\/v2\/product_cat?post=23697"},{"taxonomy":"product_tag","embeddable":true,"href":"https:\/\/moirai.si\/hr\/wp-json\/wp\/v2\/product_tag?post=23697"}],"curies":[{"name":"wp","href":"https:\/\/api.w.org\/{rel}","templated":true}]}}