{"id":23701,"date":"2023-10-19T07:16:15","date_gmt":"2023-10-19T07:16:15","guid":{"rendered":"https:\/\/moirai.si\/?post_type=product&#038;p=23701"},"modified":"2025-01-13T14:28:41","modified_gmt":"2025-01-13T14:28:41","slug":"clasic-sokolje-oko-2","status":"publish","type":"product","link":"https:\/\/moirai.si\/hr\/izdelek\/clasic-sokolje-oko-2\/","title":{"rendered":"Clasic Sokolovo oko"},"content":{"rendered":"<p>Narukvica Sokolovo oko i rodinirano srebro 925. <\/p>\n<p>MATERIAL: Sokolovo Oko (crno Tigrovo Oko), rodinirano Srebro 925<br \/>\nDU\u017dINA: podesiva 18-20,5 cm<br \/>\nTE\u017dINA: 15,7 g<br \/>\nVELI\u010cINA KAMENA: 6-8 mm<br \/>\nKOP\u010cA: 9 mm<\/p>","protected":false},"excerpt":{"rendered":"<p>Elegantna zapestnica kolekcije Clasic, ki je narejena iz Sokoljega O\u010desa. Zapestnica je nizana na mehko, vendar mo\u010dno jekleno \u017eico in zaklju\u010dena z rodiniranimi srebrnimi elementi. MATERIAL: Sokolje Oko (\u010drno Tigrovo Oko), rodinirano Srebro 925 DOL\u017dINA: prilagodljiva 18-20.5 cm TE\u017dA: 15.7 g VELIKOST KAMNOV: 6-8 mm ZAPONKA: 9 mm<\/p>","protected":false},"featured_media":23702,"template":"","meta":[],"product_brand":[],"product_cat":[208,820,821,822,823,1137,76,81],"product_tag":[637,1017],"class_list":{"0":"post-23701","1":"product","2":"type-product","3":"status-publish","4":"has-post-thumbnail","6":"product_cat-clasic","7":"product_cat-do-18cm","8":"product_cat-od-18-do-19cm","9":"product_cat-od-19-do-20cm","10":"product_cat-od-20cm","11":"product_cat-ogled-vseh-zapestnice-2","12":"product_cat-sokolje-oko","13":"product_cat-tigrovo-oko","14":"product_tag-rodinirano-srebro-925","15":"product_tag-sokolje-oko-crno-tigrovo-oko","17":"first","18":"instock","19":"shipping-taxable","20":"purchasable","21":"product-type-simple"},"_links":{"self":[{"href":"https:\/\/moirai.si\/hr\/wp-json\/wp\/v2\/product\/23701","targetHints":{"allow":["GET"]}}],"collection":[{"href":"https:\/\/moirai.si\/hr\/wp-json\/wp\/v2\/product"}],"about":[{"href":"https:\/\/moirai.si\/hr\/wp-json\/wp\/v2\/types\/product"}],"wp:featuredmedia":[{"embeddable":true,"href":"https:\/\/moirai.si\/hr\/wp-json\/wp\/v2\/media\/23702"}],"wp:attachment":[{"href":"https:\/\/moirai.si\/hr\/wp-json\/wp\/v2\/media?parent=23701"}],"wp:term":[{"taxonomy":"product_brand","embeddable":true,"href":"https:\/\/moirai.si\/hr\/wp-json\/wp\/v2\/product_brand?post=23701"},{"taxonomy":"product_cat","embeddable":true,"href":"https:\/\/moirai.si\/hr\/wp-json\/wp\/v2\/product_cat?post=23701"},{"taxonomy":"product_tag","embeddable":true,"href":"https:\/\/moirai.si\/hr\/wp-json\/wp\/v2\/product_tag?post=23701"}],"curies":[{"name":"wp","href":"https:\/\/api.w.org\/{rel}","templated":true}]}}