{"id":23703,"date":"2023-10-19T11:28:59","date_gmt":"2023-10-19T11:28:59","guid":{"rendered":"https:\/\/moirai.si\/?post_type=product&#038;p=23703"},"modified":"2025-10-23T17:16:41","modified_gmt":"2025-10-23T17:16:41","slug":"argo-mix-3","status":"publish","type":"product","link":"https:\/\/moirai.si\/hr\/izdelek\/argo-mix-3\/","title":{"rendered":"Argo mix"},"content":{"rendered":"<p>Elegantna ogrlica kolekcije Argo, ki je narejena iz Malahita, Oniksa in rodiniranega srebra 925, nizana na mehko, vendar mo\u010dno jekleno \u017eico.<\/p>\n<p>MATERIAL: Malahit, Oniks, rodinirano srebro 925<br \/>\nDU\u017dINA: 44 cm<br \/>\nTE\u017dA: 28.4 g<br \/>\nVELI\u010cINA KAMENA: 6 mm<br \/>\nKOP\u010cA: 9 mm<\/p>","protected":false},"excerpt":{"rendered":"<p>Elegantna ogrlica kolekcije Argo, ki je narejena iz Malahita, Oniksa in rodiniranega srebra 925, nizana na mehko, vendar mo\u010dno jekleno \u017eico. MATERIAL: Malahit, Oniks, rodinirano srebro 925 DOL\u017dINA: 44 cm TE\u017dA: 28.4 g VELIKOST KAMNOV: 6 mm ZAPONKA: 9 mm<\/p>","protected":false},"featured_media":23704,"template":"","meta":[],"product_brand":[],"product_cat":[191,60,815,1136,62],"product_tag":[399,206,637],"class_list":{"0":"post-23703","1":"product","2":"type-product","3":"status-publish","4":"has-post-thumbnail","6":"product_cat-argo","7":"product_cat-malahit","8":"product_cat-od-42-do-45cm","9":"product_cat-ogled-vseh","10":"product_cat-oniks","11":"product_tag-malahit","12":"product_tag-oniks","13":"product_tag-rodinirano-srebro-925","15":"first","16":"instock","17":"shipping-taxable","18":"purchasable","19":"product-type-simple"},"_links":{"self":[{"href":"https:\/\/moirai.si\/hr\/wp-json\/wp\/v2\/product\/23703","targetHints":{"allow":["GET"]}}],"collection":[{"href":"https:\/\/moirai.si\/hr\/wp-json\/wp\/v2\/product"}],"about":[{"href":"https:\/\/moirai.si\/hr\/wp-json\/wp\/v2\/types\/product"}],"wp:featuredmedia":[{"embeddable":true,"href":"https:\/\/moirai.si\/hr\/wp-json\/wp\/v2\/media\/23704"}],"wp:attachment":[{"href":"https:\/\/moirai.si\/hr\/wp-json\/wp\/v2\/media?parent=23703"}],"wp:term":[{"taxonomy":"product_brand","embeddable":true,"href":"https:\/\/moirai.si\/hr\/wp-json\/wp\/v2\/product_brand?post=23703"},{"taxonomy":"product_cat","embeddable":true,"href":"https:\/\/moirai.si\/hr\/wp-json\/wp\/v2\/product_cat?post=23703"},{"taxonomy":"product_tag","embeddable":true,"href":"https:\/\/moirai.si\/hr\/wp-json\/wp\/v2\/product_tag?post=23703"}],"curies":[{"name":"wp","href":"https:\/\/api.w.org\/{rel}","templated":true}]}}