{"id":23721,"date":"2023-10-19T12:09:57","date_gmt":"2023-10-19T12:09:57","guid":{"rendered":"https:\/\/moirai.si\/?post_type=product&#038;p=23721"},"modified":"2025-01-12T19:43:38","modified_gmt":"2025-01-12T19:43:38","slug":"argo-mix-26","status":"publish","type":"product","link":"https:\/\/moirai.si\/hr\/izdelek\/argo-mix-26\/","title":{"rendered":"Argo mix"},"content":{"rendered":"<p>Elegantna ogrlica iz kolekcije Argo, izra\u0111ena od tigrovog oka, heliotropa, hematita i rodiziranog 925 srebra, nanizana na meku, ali \u010dvrstu \u010deli\u010dnu \u017eicu.<\/p>\n<p>MATERIJAL: Tigrovo oko, Heliotrop, Hematit, srebro 925 s rodijem<br \/>\nDU\u017dINA: podesiva 57 cm<br \/>\nTE\u017dINA: 33,2 g<br \/>\nVELI\u010cINA KAMENA: 6 mm<br \/>\nKOP\u010cA: 9 mm<\/p>","protected":false},"excerpt":{"rendered":"<p>Elegantna ogrlica kolekcije Argo, ki je narejena iz Tigrovega O\u010desa, Heliotropa, Hematita in rodiniranega srebra 925, nizana na mehko, vendar mo\u010dno jekleno \u017eico. MATERIAL: Tigrovo Oko, Heliotrop, Hematit, rodinirano srebro 925 DOL\u017dINA: prilagodljiva 57 cm TE\u017dA: 33.2 g VELIKOST KAMNOV: 6 mm ZAPONKA: 9 mm<\/p>","protected":false},"featured_media":23722,"template":"","meta":[],"product_brand":[],"product_cat":[191,518,42,817,1136,81],"product_tag":[486,202,637,199],"class_list":{"0":"post-23721","1":"product","2":"type-product","3":"status-publish","4":"has-post-thumbnail","6":"product_cat-argo","7":"product_cat-heliotrop","8":"product_cat-hematit","9":"product_cat-od-50-do-60cm","10":"product_cat-ogled-vseh","11":"product_cat-tigrovo-oko","12":"product_tag-heliotrop","13":"product_tag-hematit","14":"product_tag-rodinirano-srebro-925","15":"product_tag-tigrovo-oko","17":"first","18":"instock","19":"shipping-taxable","20":"purchasable","21":"product-type-simple"},"_links":{"self":[{"href":"https:\/\/moirai.si\/hr\/wp-json\/wp\/v2\/product\/23721","targetHints":{"allow":["GET"]}}],"collection":[{"href":"https:\/\/moirai.si\/hr\/wp-json\/wp\/v2\/product"}],"about":[{"href":"https:\/\/moirai.si\/hr\/wp-json\/wp\/v2\/types\/product"}],"wp:featuredmedia":[{"embeddable":true,"href":"https:\/\/moirai.si\/hr\/wp-json\/wp\/v2\/media\/23722"}],"wp:attachment":[{"href":"https:\/\/moirai.si\/hr\/wp-json\/wp\/v2\/media?parent=23721"}],"wp:term":[{"taxonomy":"product_brand","embeddable":true,"href":"https:\/\/moirai.si\/hr\/wp-json\/wp\/v2\/product_brand?post=23721"},{"taxonomy":"product_cat","embeddable":true,"href":"https:\/\/moirai.si\/hr\/wp-json\/wp\/v2\/product_cat?post=23721"},{"taxonomy":"product_tag","embeddable":true,"href":"https:\/\/moirai.si\/hr\/wp-json\/wp\/v2\/product_tag?post=23721"}],"curies":[{"name":"wp","href":"https:\/\/api.w.org\/{rel}","templated":true}]}}