{"id":23778,"date":"2023-10-20T11:44:42","date_gmt":"2023-10-20T11:44:42","guid":{"rendered":"https:\/\/moirai.si\/?post_type=product&#038;p=23778"},"modified":"2025-01-12T19:44:29","modified_gmt":"2025-01-12T19:44:29","slug":"ella-oniks-8","status":"publish","type":"product","link":"https:\/\/moirai.si\/hr\/izdelek\/ella-oniks-8\/","title":{"rendered":"Ella Oniks"},"content":{"rendered":"<p>Unikatna ogrlica kolekcije Ella, ki je narejena iz Oniksa. Ogrlica je nizana na mehko, vendar mo\u010dno jekleno \u017eico ter zaklju\u010dena z rodiniranimi srebrnimi 925 elementi. <\/p>\n<p>MATERIJAL: fasetirani oniks, srebro 925 s rodijem<br \/>\nDOL\u017dINA: 48 cm<br \/>\nTE\u017dA: 40,8 g<br \/>\nVELIKOST KAMNOV: 4-22 mm<br \/>\nKOP\u010cA: 9 mm<\/p>","protected":false},"excerpt":{"rendered":"<p>Unikatna ogrlica kolekcije Ella, ki je narejena iz Oniksa. Ogrlica je nizana na mehko, vendar mo\u010dno jekleno \u017eico ter zaklju\u010dena z rodiniranimi srebrnimi 925 elementi. MATERIAL: fasetiran Oniks, rodinirano srebro 925 DOL\u017dINA: 48 cm TE\u017dA: 40,8 g VELIKOST KAMNOV: 4-22 mm ZAPONKA: 9 mm<\/p>","protected":false},"featured_media":23780,"template":"","meta":[],"product_brand":[],"product_cat":[289,816,1136,62],"product_tag":[293,637],"class_list":{"0":"post-23778","1":"product","2":"type-product","3":"status-publish","4":"has-post-thumbnail","6":"product_cat-ella","7":"product_cat-od-45-do-50cm","8":"product_cat-ogled-vseh","9":"product_cat-oniks","10":"product_tag-fasetiran-oniks","11":"product_tag-rodinirano-srebro-925","13":"first","14":"instock","15":"shipping-taxable","16":"purchasable","17":"product-type-simple"},"_links":{"self":[{"href":"https:\/\/moirai.si\/hr\/wp-json\/wp\/v2\/product\/23778","targetHints":{"allow":["GET"]}}],"collection":[{"href":"https:\/\/moirai.si\/hr\/wp-json\/wp\/v2\/product"}],"about":[{"href":"https:\/\/moirai.si\/hr\/wp-json\/wp\/v2\/types\/product"}],"wp:featuredmedia":[{"embeddable":true,"href":"https:\/\/moirai.si\/hr\/wp-json\/wp\/v2\/media\/23780"}],"wp:attachment":[{"href":"https:\/\/moirai.si\/hr\/wp-json\/wp\/v2\/media?parent=23778"}],"wp:term":[{"taxonomy":"product_brand","embeddable":true,"href":"https:\/\/moirai.si\/hr\/wp-json\/wp\/v2\/product_brand?post=23778"},{"taxonomy":"product_cat","embeddable":true,"href":"https:\/\/moirai.si\/hr\/wp-json\/wp\/v2\/product_cat?post=23778"},{"taxonomy":"product_tag","embeddable":true,"href":"https:\/\/moirai.si\/hr\/wp-json\/wp\/v2\/product_tag?post=23778"}],"curies":[{"name":"wp","href":"https:\/\/api.w.org\/{rel}","templated":true}]}}