{"id":23801,"date":"2023-10-20T15:04:58","date_gmt":"2023-10-20T15:04:58","guid":{"rendered":"https:\/\/moirai.si\/?post_type=product&#038;p=23801"},"modified":"2025-01-12T19:48:23","modified_gmt":"2025-01-12T19:48:23","slug":"le-petit-mix-22","status":"publish","type":"product","link":"https:\/\/moirai.si\/hr\/izdelek\/le-petit-mix-22\/","title":{"rendered":"Le Petit Mix"},"content":{"rendered":"<p>Elegantna ogrlica kolekcije Le Petit, ki je narejena iz Tigrovega O\u010desa, Hematita in Oniksa. Ogrlica je nizana na mehko, vendar mo\u010dno jekleno \u017eico ter zaklju\u010dena z rodiniranimi srebrnimi 925 elementi.<\/p>\n<p>MATERIAL: Hematit, Tigrovo Oko, Oniks, rodinirano srebro 925<br \/>\nDOL\u017dINA: 43,5 cm<br \/>\nTE\u017dINA: 13,9 g<br \/>\nVELI\u010cINA KAMENA: 4 mm<br \/>\nKOP\u010cA: 9 mm<\/p>","protected":false},"excerpt":{"rendered":"<p>Elegantna ogrlica kolekcije Le Petit, ki je narejena iz Tigrovega O\u010desa, Hematita in Oniksa. Ogrlica je nizana na mehko, vendar mo\u010dno jekleno \u017eico ter zaklju\u010dena z rodiniranimi srebrnimi 925 elementi. MATERIAL: Hematit, Tigrovo Oko, Oniks, rodinirano srebro 925 DOL\u017dINA: 43,5 cm TE\u017dA: 13,9 g VELIKOST KAMNOV: 4 mm ZAPONKA: 9 mm<\/p>","protected":false},"featured_media":23802,"template":"","meta":[],"product_brand":[],"product_cat":[42,211,815,1136,62,81],"product_tag":[202,206,637,199],"class_list":{"0":"post-23801","1":"product","2":"type-product","3":"status-publish","4":"has-post-thumbnail","6":"product_cat-hematit","7":"product_cat-le-petit","8":"product_cat-od-42-do-45cm","9":"product_cat-ogled-vseh","10":"product_cat-oniks","11":"product_cat-tigrovo-oko","12":"product_tag-hematit","13":"product_tag-oniks","14":"product_tag-rodinirano-srebro-925","15":"product_tag-tigrovo-oko","17":"first","18":"instock","19":"shipping-taxable","20":"purchasable","21":"product-type-simple"},"_links":{"self":[{"href":"https:\/\/moirai.si\/hr\/wp-json\/wp\/v2\/product\/23801","targetHints":{"allow":["GET"]}}],"collection":[{"href":"https:\/\/moirai.si\/hr\/wp-json\/wp\/v2\/product"}],"about":[{"href":"https:\/\/moirai.si\/hr\/wp-json\/wp\/v2\/types\/product"}],"wp:featuredmedia":[{"embeddable":true,"href":"https:\/\/moirai.si\/hr\/wp-json\/wp\/v2\/media\/23802"}],"wp:attachment":[{"href":"https:\/\/moirai.si\/hr\/wp-json\/wp\/v2\/media?parent=23801"}],"wp:term":[{"taxonomy":"product_brand","embeddable":true,"href":"https:\/\/moirai.si\/hr\/wp-json\/wp\/v2\/product_brand?post=23801"},{"taxonomy":"product_cat","embeddable":true,"href":"https:\/\/moirai.si\/hr\/wp-json\/wp\/v2\/product_cat?post=23801"},{"taxonomy":"product_tag","embeddable":true,"href":"https:\/\/moirai.si\/hr\/wp-json\/wp\/v2\/product_tag?post=23801"}],"curies":[{"name":"wp","href":"https:\/\/api.w.org\/{rel}","templated":true}]}}