{"id":23827,"date":"2023-10-24T10:16:06","date_gmt":"2023-10-24T10:16:06","guid":{"rendered":"https:\/\/moirai.si\/?post_type=product&#038;p=23827"},"modified":"2023-10-24T11:36:27","modified_gmt":"2023-10-24T11:36:27","slug":"versy-dumortierit-2","status":"publish","type":"product","link":"https:\/\/moirai.si\/hr\/izdelek\/versy-dumortierit-2\/","title":{"rendered":"Versy Dumortierit"},"content":{"rendered":"<p>Unikatan privjesak kolekcije Versy Dumortierit na crni ko\u017ei podesive duljine (povucite \u010dvor gore ili dolje). Ogrlica je unisex i pogodna je za djecu i odrasle. <\/p>\n<p>MATERIAL: Dumortierit, crna ko\u017ea<br \/>\nDU\u017dINA: podesiva (38-77 cm)<br \/>\nTE\u017dINA: 12,2 g<br \/>\nVELIKOST KAMNA: 1,8-3 cm<br \/>\nDEBLJINA KAMENA: 1,3 cm <\/p>","protected":false},"excerpt":{"rendered":"<p>Unikaten obesek kolekcije Versy iz Dumortierita na \u010drnem usnjenem traku s prilagodljivo dol\u017eino (poteg vozla gor oz. dol). Ogrlica je unisex in je primerna za otroke in odrasle. MATERIAL: Dumortierit, \u010drno usnje DOL\u017dINA: prilagodljiva (38-77 cm) TE\u017dA: 12.2 g VELIKOST KAMNA: 1,8-3 cm DEBELINA KAMNA: 1.3 cm<\/p>","protected":false},"featured_media":23869,"template":"","meta":[],"product_brand":[],"product_cat":[746,92,309],"product_tag":[648,828],"class_list":{"0":"post-23827","1":"product","2":"type-product","3":"status-publish","4":"has-post-thumbnail","6":"product_cat-dumortierit","7":"product_cat-obeski-in-usnje","8":"product_cat-versy","9":"product_tag-crno-usnje","10":"product_tag-dumortierit","12":"first","13":"instock","14":"shipping-taxable","15":"purchasable","16":"product-type-simple"},"_links":{"self":[{"href":"https:\/\/moirai.si\/hr\/wp-json\/wp\/v2\/product\/23827","targetHints":{"allow":["GET"]}}],"collection":[{"href":"https:\/\/moirai.si\/hr\/wp-json\/wp\/v2\/product"}],"about":[{"href":"https:\/\/moirai.si\/hr\/wp-json\/wp\/v2\/types\/product"}],"wp:featuredmedia":[{"embeddable":true,"href":"https:\/\/moirai.si\/hr\/wp-json\/wp\/v2\/media\/23869"}],"wp:attachment":[{"href":"https:\/\/moirai.si\/hr\/wp-json\/wp\/v2\/media?parent=23827"}],"wp:term":[{"taxonomy":"product_brand","embeddable":true,"href":"https:\/\/moirai.si\/hr\/wp-json\/wp\/v2\/product_brand?post=23827"},{"taxonomy":"product_cat","embeddable":true,"href":"https:\/\/moirai.si\/hr\/wp-json\/wp\/v2\/product_cat?post=23827"},{"taxonomy":"product_tag","embeddable":true,"href":"https:\/\/moirai.si\/hr\/wp-json\/wp\/v2\/product_tag?post=23827"}],"curies":[{"name":"wp","href":"https:\/\/api.w.org\/{rel}","templated":true}]}}