{"id":23860,"date":"2023-10-24T11:25:32","date_gmt":"2023-10-24T11:25:32","guid":{"rendered":"https:\/\/moirai.si\/?post_type=product&#038;p=23860"},"modified":"2025-10-23T10:36:35","modified_gmt":"2025-10-23T10:36:35","slug":"versy-ametist-2","status":"publish","type":"product","link":"https:\/\/moirai.si\/hr\/izdelek\/versy-ametist-2\/","title":{"rendered":"Versy Ametist"},"content":{"rendered":"<p>Unikatan privjesak kolekcije Versy Ametist na crni ko\u017ei podesive duljine (povucite \u010dvor gore ili dolje). Ogrlica je unisex i pogodna je za djecu i odrasle. <\/p>\n<p>Vi\u0161e informacija: <a href=\"https:\/\/moirai.si\/hr\/ametist\/\" target=\"_blank\" rel=\"noopener noreferrer\">Ametist<\/a><\/p>\n<p>MATERIAL: Ametist, crna ko\u017ea<br \/>\nDU\u017dINA: podesiva (38-77 cm)<br \/>\nTE\u017dINA: 8,9 g<br \/>\nVELIKOST KAMNA: 1,5-3,1 cm<br \/>\nDEBLJINA KAMENA: 0,7 cm <\/p>","protected":false},"excerpt":{"rendered":"<p>Unikaten obesek kolekcije Versy iz Ametista na \u010drnem usnjenem traku s prilagodljivo dol\u017eino (poteg vozla gor oz. dol). Ogrlica je unisex in je primerna za otroke in odrasle. Ve\u010d informacij: Ametist MATERIAL: Ametist, \u010drno usnje DOL\u017dINA: prilagodljiva (38-77 cm) TE\u017dA: 8.9 g VELIKOST KAMNA: 1,5-3,1 cm DEBELINA KAMNA: 0,7 cm<\/p>","protected":false},"featured_media":23889,"template":"","meta":[],"product_brand":[],"product_cat":[33,848,92,309],"product_tag":[195,648],"class_list":{"0":"post-23860","1":"product","2":"type-product","3":"status-publish","4":"has-post-thumbnail","6":"product_cat-ametist","7":"product_cat-kvarc","8":"product_cat-obeski-in-usnje","9":"product_cat-versy","10":"product_tag-ametist","11":"product_tag-crno-usnje","13":"first","14":"instock","15":"shipping-taxable","16":"purchasable","17":"product-type-simple"},"_links":{"self":[{"href":"https:\/\/moirai.si\/hr\/wp-json\/wp\/v2\/product\/23860","targetHints":{"allow":["GET"]}}],"collection":[{"href":"https:\/\/moirai.si\/hr\/wp-json\/wp\/v2\/product"}],"about":[{"href":"https:\/\/moirai.si\/hr\/wp-json\/wp\/v2\/types\/product"}],"wp:featuredmedia":[{"embeddable":true,"href":"https:\/\/moirai.si\/hr\/wp-json\/wp\/v2\/media\/23889"}],"wp:attachment":[{"href":"https:\/\/moirai.si\/hr\/wp-json\/wp\/v2\/media?parent=23860"}],"wp:term":[{"taxonomy":"product_brand","embeddable":true,"href":"https:\/\/moirai.si\/hr\/wp-json\/wp\/v2\/product_brand?post=23860"},{"taxonomy":"product_cat","embeddable":true,"href":"https:\/\/moirai.si\/hr\/wp-json\/wp\/v2\/product_cat?post=23860"},{"taxonomy":"product_tag","embeddable":true,"href":"https:\/\/moirai.si\/hr\/wp-json\/wp\/v2\/product_tag?post=23860"}],"curies":[{"name":"wp","href":"https:\/\/api.w.org\/{rel}","templated":true}]}}