{"id":23898,"date":"2023-10-24T13:04:23","date_gmt":"2023-10-24T13:04:23","guid":{"rendered":"https:\/\/moirai.si\/?post_type=product&#038;p=23898"},"modified":"2025-10-23T10:37:13","modified_gmt":"2025-10-23T10:37:13","slug":"versy-ametist-8","status":"publish","type":"product","link":"https:\/\/moirai.si\/hr\/izdelek\/versy-ametist-8\/","title":{"rendered":"Versy Ametist"},"content":{"rendered":"<p>Unikatan privjesak kolekcije Versy Ametist na crni ko\u017ei podesive duljine (povucite \u010dvor gore ili dolje). Ogrlica je unisex i pogodna je za djecu i odrasle. <\/p>\n<p>Vi\u0161e informacija: <a href=\"https:\/\/moirai.si\/hr\/ametist\/\" target=\"_blank\" rel=\"noopener noreferrer\">Ametist<\/a><\/p>\n<p>MATERIJAL: Ametist Chevron, crna ko\u017ea<br \/>\nDU\u017dINA: podesiva (38-77 cm)<br \/>\nTE\u017dINA: 14,3 g<br \/>\nVELIKOST KAMNA: 1,8-3,5 cm<br \/>\nDEBLJINA KAMENA: 1,4 cm <\/p>","protected":false},"excerpt":{"rendered":"<p>Unikaten obesek kolekcije Versy iz Ametista na \u010drnem usnjenem traku s prilagodljivo dol\u017eino (poteg vozla gor oz. dol). Ogrlica je unisex in je primerna za otroke in odrasle. Ve\u010d informacij: Ametist MATERIAL: Ametist Chevron, \u010drno usnje DOL\u017dINA: prilagodljiva (38-77 cm) TE\u017dA: 14,3 g VELIKOST KAMNA: 1,8-3,5 cm DEBELINA KAMNA: 1,4 cm<\/p>","protected":false},"featured_media":23899,"template":"","meta":[],"product_brand":[],"product_cat":[33,848,92,309],"product_tag":[700,648],"class_list":{"0":"post-23898","1":"product","2":"type-product","3":"status-publish","4":"has-post-thumbnail","6":"product_cat-ametist","7":"product_cat-kvarc","8":"product_cat-obeski-in-usnje","9":"product_cat-versy","10":"product_tag-ametist-chevron","11":"product_tag-crno-usnje","13":"first","14":"instock","15":"shipping-taxable","16":"purchasable","17":"product-type-simple"},"_links":{"self":[{"href":"https:\/\/moirai.si\/hr\/wp-json\/wp\/v2\/product\/23898","targetHints":{"allow":["GET"]}}],"collection":[{"href":"https:\/\/moirai.si\/hr\/wp-json\/wp\/v2\/product"}],"about":[{"href":"https:\/\/moirai.si\/hr\/wp-json\/wp\/v2\/types\/product"}],"wp:featuredmedia":[{"embeddable":true,"href":"https:\/\/moirai.si\/hr\/wp-json\/wp\/v2\/media\/23899"}],"wp:attachment":[{"href":"https:\/\/moirai.si\/hr\/wp-json\/wp\/v2\/media?parent=23898"}],"wp:term":[{"taxonomy":"product_brand","embeddable":true,"href":"https:\/\/moirai.si\/hr\/wp-json\/wp\/v2\/product_brand?post=23898"},{"taxonomy":"product_cat","embeddable":true,"href":"https:\/\/moirai.si\/hr\/wp-json\/wp\/v2\/product_cat?post=23898"},{"taxonomy":"product_tag","embeddable":true,"href":"https:\/\/moirai.si\/hr\/wp-json\/wp\/v2\/product_tag?post=23898"}],"curies":[{"name":"wp","href":"https:\/\/api.w.org\/{rel}","templated":true}]}}