{"id":24005,"date":"2023-11-24T20:52:18","date_gmt":"2023-11-24T20:52:18","guid":{"rendered":"https:\/\/moirai.si\/?post_type=product&#038;p=24005"},"modified":"2026-01-28T08:11:14","modified_gmt":"2026-01-28T08:11:14","slug":"zub-tigrovog-morskog-psa-l","status":"publish","type":"product","link":"https:\/\/moirai.si\/hr\/izdelek\/zob-tigrastega-morskega-psa-l\/","title":{"rendered":"Zub Tigrastog Morskog psa L"},"content":{"rendered":"<p>Fosilizirani zub tigar morskog psa. Slika je simboli\u010dna. Mogu\u0107a su manja odstupanja u te\u017eini, boji i obliku. <\/p>\n<p>MATERIJAL: Fosil - zub tigrastog morskog psa<br \/>\nDIMENZIJE: cca 4 cm<br \/>\nTE\u017dINA: cca 8-13 g<\/p>","protected":false},"excerpt":{"rendered":"<p>Okameneli zob Tigrastega morskega psa. Slika je simboli\u010dna. Mo\u017ena so manj\u0161a odstopanja v te\u017ei, barvi in obliki. MATERIAL: Fosil &#8211; zob Tigrasti morski pes DIMENZIJE: cca 4 cm TE\u017dA: cca 8-13 g<\/p>","protected":false},"featured_media":24004,"template":"","meta":[],"product_brand":[],"product_cat":[40,185],"product_tag":[1047],"class_list":{"0":"post-24005","1":"product","2":"type-product","3":"status-publish","4":"has-post-thumbnail","6":"product_cat-fosili","7":"product_cat-kristali-in-minerali","8":"product_tag-fosil-zob-tigrasti-morski-pes","10":"first","11":"outofstock","12":"shipping-taxable","13":"purchasable","14":"product-type-simple"},"_links":{"self":[{"href":"https:\/\/moirai.si\/hr\/wp-json\/wp\/v2\/product\/24005","targetHints":{"allow":["GET"]}}],"collection":[{"href":"https:\/\/moirai.si\/hr\/wp-json\/wp\/v2\/product"}],"about":[{"href":"https:\/\/moirai.si\/hr\/wp-json\/wp\/v2\/types\/product"}],"wp:featuredmedia":[{"embeddable":true,"href":"https:\/\/moirai.si\/hr\/wp-json\/wp\/v2\/media\/24004"}],"wp:attachment":[{"href":"https:\/\/moirai.si\/hr\/wp-json\/wp\/v2\/media?parent=24005"}],"wp:term":[{"taxonomy":"product_brand","embeddable":true,"href":"https:\/\/moirai.si\/hr\/wp-json\/wp\/v2\/product_brand?post=24005"},{"taxonomy":"product_cat","embeddable":true,"href":"https:\/\/moirai.si\/hr\/wp-json\/wp\/v2\/product_cat?post=24005"},{"taxonomy":"product_tag","embeddable":true,"href":"https:\/\/moirai.si\/hr\/wp-json\/wp\/v2\/product_tag?post=24005"}],"curies":[{"name":"wp","href":"https:\/\/api.w.org\/{rel}","templated":true}]}}