{"id":24286,"date":"2023-12-01T13:14:20","date_gmt":"2023-12-01T13:14:20","guid":{"rendered":"https:\/\/moirai.si\/?post_type=product&#038;p=24286"},"modified":"2025-01-06T17:19:13","modified_gmt":"2025-01-06T17:19:13","slug":"privjesak-od-opsidijana-i-snijega-3","status":"publish","type":"product","link":"https:\/\/moirai.si\/hr\/izdelek\/obesek-obsidijan-snezni-3\/","title":{"rendered":"Privjesak Snje\u017eni opsidijan"},"content":{"rendered":"<p>Privjesak Snje\u017eni Opsidijan i srebro 925. Lanac nije uklju\u010den u cijenu. Ovdje mo\u017eete odabrati novi lanac: <a href=\"https:\/\/moirai.si\/hr\/kategorija-proizvoda\/privjesci-i-lancici\/lanci-i-uzice\/\" target=\"_blank\" rel=\"noopener noreferrer\">Lanci<\/a><\/p>\n<p>MATERIJAL: Snje\u017eni opsidijan, srebro 925<br \/>\nTE\u017dINA: 10,2 g<br \/>\nVELI\u010cINA PRIVJESKA: 2,4-3,8cm<br \/>\nDEBLJINA KAMENA: 0,7 cm<\/p>","protected":false},"excerpt":{"rendered":"<p>\u010cudovit obesek iz srebra 925 in Sne\u017enega Obsidijana. Veri\u017eica ni vklju\u010dena v ceno. Novo veri\u017eico si lahko izberete tukaj: Veri\u017eice MATERIAL: Sne\u017eni Obsidijan, Srebro 925 TE\u017dA: 10,2 g VELIKOST OBESKA: 2,4-3,8cm DEBELINA KAMNA: 0,7 cm<\/p>","protected":false},"featured_media":24287,"template":"","meta":[],"product_brand":[],"product_cat":[910,63],"product_tag":[226,371],"class_list":{"0":"post-24286","1":"product","2":"type-product","3":"status-publish","4":"has-post-thumbnail","6":"product_cat-obeski-in-srebro","7":"product_cat-obsidijan","8":"product_tag-snezni-obsidijan","9":"product_tag-srebro-925","11":"first","12":"instock","13":"shipping-taxable","14":"purchasable","15":"product-type-simple"},"_links":{"self":[{"href":"https:\/\/moirai.si\/hr\/wp-json\/wp\/v2\/product\/24286","targetHints":{"allow":["GET"]}}],"collection":[{"href":"https:\/\/moirai.si\/hr\/wp-json\/wp\/v2\/product"}],"about":[{"href":"https:\/\/moirai.si\/hr\/wp-json\/wp\/v2\/types\/product"}],"wp:featuredmedia":[{"embeddable":true,"href":"https:\/\/moirai.si\/hr\/wp-json\/wp\/v2\/media\/24287"}],"wp:attachment":[{"href":"https:\/\/moirai.si\/hr\/wp-json\/wp\/v2\/media?parent=24286"}],"wp:term":[{"taxonomy":"product_brand","embeddable":true,"href":"https:\/\/moirai.si\/hr\/wp-json\/wp\/v2\/product_brand?post=24286"},{"taxonomy":"product_cat","embeddable":true,"href":"https:\/\/moirai.si\/hr\/wp-json\/wp\/v2\/product_cat?post=24286"},{"taxonomy":"product_tag","embeddable":true,"href":"https:\/\/moirai.si\/hr\/wp-json\/wp\/v2\/product_tag?post=24286"}],"curies":[{"name":"wp","href":"https:\/\/api.w.org\/{rel}","templated":true}]}}