{"id":24343,"date":"2023-12-02T15:12:32","date_gmt":"2023-12-02T15:12:32","guid":{"rendered":"https:\/\/moirai.si\/?post_type=product&#038;p=24343"},"modified":"2025-01-06T17:16:49","modified_gmt":"2025-01-06T17:16:49","slug":"obesek-sugilit","status":"publish","type":"product","link":"https:\/\/moirai.si\/hr\/izdelek\/obesek-sugilit\/","title":{"rendered":"Privjesak Sugilit"},"content":{"rendered":"<p>Privjesak Sugilit i srebro 925. Lanac nije uklju\u010den u cijenu. Ovdje mo\u017eete odabrati novi lanac: <a href=\"https:\/\/moirai.si\/hr\/kategorija-proizvoda\/privjesci-i-lancici\/lanci-i-uzice\/\" target=\"_blank\" rel=\"noopener noreferrer\">Lanci<\/a><\/p>\n<p>MATERIJAL: Sugilit, srebro 925<br \/>\nTE\u017dINA: 5.2 g<br \/>\nVELI\u010cINA PRIVJESKA: 1,2-4,3cm<br \/>\nDEBLJINA KAMENA: 0,5 cm<\/p>","protected":false},"excerpt":{"rendered":"<p>\u010cudovit obesek iz srebra 925 in Sugilita. Veri\u017eica ni vklju\u010dena v ceno. Novo veri\u017eico si lahko izberete tukaj: Veri\u017eice MATERIAL: Sugilit, Srebro 925 TE\u017dA: 5.2 g VELIKOST OBESKA: 1,2-4,3cm DEBELINA KAMNA: 0,5 cm<\/p>","protected":false},"featured_media":24344,"template":"","meta":[],"product_brand":[],"product_cat":[910,874],"product_tag":[371,1109],"class_list":{"0":"post-24343","1":"product","2":"type-product","3":"status-publish","4":"has-post-thumbnail","6":"product_cat-obeski-in-srebro","7":"product_cat-sugilit","8":"product_tag-srebro-925","9":"product_tag-sugilit","11":"first","12":"instock","13":"shipping-taxable","14":"purchasable","15":"product-type-simple"},"_links":{"self":[{"href":"https:\/\/moirai.si\/hr\/wp-json\/wp\/v2\/product\/24343","targetHints":{"allow":["GET"]}}],"collection":[{"href":"https:\/\/moirai.si\/hr\/wp-json\/wp\/v2\/product"}],"about":[{"href":"https:\/\/moirai.si\/hr\/wp-json\/wp\/v2\/types\/product"}],"wp:featuredmedia":[{"embeddable":true,"href":"https:\/\/moirai.si\/hr\/wp-json\/wp\/v2\/media\/24344"}],"wp:attachment":[{"href":"https:\/\/moirai.si\/hr\/wp-json\/wp\/v2\/media?parent=24343"}],"wp:term":[{"taxonomy":"product_brand","embeddable":true,"href":"https:\/\/moirai.si\/hr\/wp-json\/wp\/v2\/product_brand?post=24343"},{"taxonomy":"product_cat","embeddable":true,"href":"https:\/\/moirai.si\/hr\/wp-json\/wp\/v2\/product_cat?post=24343"},{"taxonomy":"product_tag","embeddable":true,"href":"https:\/\/moirai.si\/hr\/wp-json\/wp\/v2\/product_tag?post=24343"}],"curies":[{"name":"wp","href":"https:\/\/api.w.org\/{rel}","templated":true}]}}