{"id":24474,"date":"2023-12-03T16:48:19","date_gmt":"2023-12-03T16:48:19","guid":{"rendered":"https:\/\/moirai.si\/?post_type=product&#038;p=24474"},"modified":"2025-01-06T17:11:39","modified_gmt":"2025-01-06T17:11:39","slug":"lapis-lazuli-privjesak","status":"publish","type":"product","link":"https:\/\/moirai.si\/hr\/izdelek\/obesek-lapis-lazuli\/","title":{"rendered":"Privjesak Lapis Lazuli"},"content":{"rendered":"<p>Privjesak Lapis Lazuli i srebro 925. Lanac nije uklju\u010den u cijenu. Ovdje mo\u017eete odabrati novi lanac: <a href=\"https:\/\/moirai.si\/hr\/kategorija-proizvoda\/privjesci-i-lancici\/lanci-i-uzice\/\" target=\"_blank\" rel=\"noopener noreferrer\">Lanci<\/a><\/p>\n<p>MATERIJAL: Lapis Lazuli, srebro 925<br \/>\nTE\u017dINA: 6,8 g<br \/>\nVELI\u010cINA PRIVJESKA: 0,9-3,4cm<br \/>\nDEBLJINA KAMENA: 0,9 cm<\/p>","protected":false},"excerpt":{"rendered":"<p>\u010cudovit obesek Lapis Lazulija in srebra 925. Veri\u017eica ni vklju\u010dena v ceno. Novo veri\u017eico si lahko izberete tukaj: Veri\u017eice MATERIAL: Lapis Lazuli, Srebro 925 TE\u017dA: 6,8 g VELIKOST OBESKA: 0,9-3,4cm DEBELINA KAMNA: 0,9 cm<\/p>","protected":false},"featured_media":24475,"template":"","meta":[],"product_brand":[],"product_cat":[55,910],"product_tag":[280,371],"class_list":{"0":"post-24474","1":"product","2":"type-product","3":"status-publish","4":"has-post-thumbnail","6":"product_cat-lapis-lazuli","7":"product_cat-obeski-in-srebro","8":"product_tag-lapis-lazuli","9":"product_tag-srebro-925","11":"first","12":"instock","13":"shipping-taxable","14":"purchasable","15":"product-type-simple"},"_links":{"self":[{"href":"https:\/\/moirai.si\/hr\/wp-json\/wp\/v2\/product\/24474","targetHints":{"allow":["GET"]}}],"collection":[{"href":"https:\/\/moirai.si\/hr\/wp-json\/wp\/v2\/product"}],"about":[{"href":"https:\/\/moirai.si\/hr\/wp-json\/wp\/v2\/types\/product"}],"wp:featuredmedia":[{"embeddable":true,"href":"https:\/\/moirai.si\/hr\/wp-json\/wp\/v2\/media\/24475"}],"wp:attachment":[{"href":"https:\/\/moirai.si\/hr\/wp-json\/wp\/v2\/media?parent=24474"}],"wp:term":[{"taxonomy":"product_brand","embeddable":true,"href":"https:\/\/moirai.si\/hr\/wp-json\/wp\/v2\/product_brand?post=24474"},{"taxonomy":"product_cat","embeddable":true,"href":"https:\/\/moirai.si\/hr\/wp-json\/wp\/v2\/product_cat?post=24474"},{"taxonomy":"product_tag","embeddable":true,"href":"https:\/\/moirai.si\/hr\/wp-json\/wp\/v2\/product_tag?post=24474"}],"curies":[{"name":"wp","href":"https:\/\/api.w.org\/{rel}","templated":true}]}}