{"id":24855,"date":"2024-07-17T11:23:12","date_gmt":"2024-07-17T11:23:12","guid":{"rendered":"https:\/\/moirai.si\/?post_type=product&#038;p=24855"},"modified":"2024-11-30T19:39:43","modified_gmt":"2024-11-30T19:39:43","slug":"versy-turmalinski-kvarc","status":"publish","type":"product","link":"https:\/\/moirai.si\/hr\/izdelek\/versy-turmalin-kvarc\/","title":{"rendered":"Versy turmalin kvarc"},"content":{"rendered":"<p>Unikatan privjesak iz kolekcije Versy turmalin kvarc na crni ko\u017ei podesive duljine (povucite \u010dvor gore ili dolje). Ogrlica je unisex i pogodna je za djecu i odrasle. <\/p>\n<p>MATERIAL: Turmalin Kvarc, crna ko\u017ea<br \/>\nDU\u017dINA: podesiva (38-77 cm)<br \/>\nTE\u017dINA: 10,6 g<br \/>\nDIMENZIJA KAMENA: 1,8\u00d72,5 cm<br \/>\nDEBLJINA KAMENA: 0,9 cm <\/p>","protected":false},"excerpt":{"rendered":"<p>Unikaten obesek kolekcije Versy iz Turmalin Kvarca na \u010drnem usnjenem traku s prilagodljivo dol\u017eino (poteg vozla gor oz. dol). Ogrlica je unisex in je primerna za otroke in odrasle. MATERIAL: Turmalin Kvarc, \u010drno usnje DOL\u017dINA: prilagodljiva (38-77 cm) TE\u017dA: 10,6 g VELIKOST KAMNA: 1,8&#215;2,5 cm DEBELINA KAMNA: 0,9 cm<\/p>","protected":false},"featured_media":24856,"template":"","meta":[],"product_brand":[],"product_cat":[68,848,92,85,309],"product_tag":[648,1015],"class_list":{"0":"post-24855","1":"product","2":"type-product","3":"status-publish","4":"has-post-thumbnail","6":"product_cat-kamena-strela","7":"product_cat-kvarc","8":"product_cat-obeski-in-usnje","9":"product_cat-turmalin","10":"product_cat-versy","11":"product_tag-crno-usnje","12":"product_tag-turmalin-kvarc","14":"first","15":"instock","16":"shipping-taxable","17":"purchasable","18":"product-type-simple"},"_links":{"self":[{"href":"https:\/\/moirai.si\/hr\/wp-json\/wp\/v2\/product\/24855","targetHints":{"allow":["GET"]}}],"collection":[{"href":"https:\/\/moirai.si\/hr\/wp-json\/wp\/v2\/product"}],"about":[{"href":"https:\/\/moirai.si\/hr\/wp-json\/wp\/v2\/types\/product"}],"wp:featuredmedia":[{"embeddable":true,"href":"https:\/\/moirai.si\/hr\/wp-json\/wp\/v2\/media\/24856"}],"wp:attachment":[{"href":"https:\/\/moirai.si\/hr\/wp-json\/wp\/v2\/media?parent=24855"}],"wp:term":[{"taxonomy":"product_brand","embeddable":true,"href":"https:\/\/moirai.si\/hr\/wp-json\/wp\/v2\/product_brand?post=24855"},{"taxonomy":"product_cat","embeddable":true,"href":"https:\/\/moirai.si\/hr\/wp-json\/wp\/v2\/product_cat?post=24855"},{"taxonomy":"product_tag","embeddable":true,"href":"https:\/\/moirai.si\/hr\/wp-json\/wp\/v2\/product_tag?post=24855"}],"curies":[{"name":"wp","href":"https:\/\/api.w.org\/{rel}","templated":true}]}}