{"id":24864,"date":"2024-07-17T11:48:33","date_gmt":"2024-07-17T11:48:33","guid":{"rendered":"https:\/\/moirai.si\/?post_type=product&#038;p=24864"},"modified":"2024-07-17T11:48:34","modified_gmt":"2024-07-17T11:48:34","slug":"vrlo-granatno-zelena-2","status":"publish","type":"product","link":"https:\/\/moirai.si\/hr\/izdelek\/versy-granat-zeleni-2\/","title":{"rendered":"Versy Granat Zeleni"},"content":{"rendered":"<p>Unikatan privjesak kolekcije Versy Zeleni Granat na crni ko\u017ei podesive duljine (povucite \u010dvor gore ili dolje). Ogrlica je unisex i pogodna je za djecu i odrasle. <\/p>\n<p>MATERIAL: Zeleni Granat (Tsavorit ali Tsavolit), crna ko\u017ea<br \/>\nDU\u017dINA: podesiva (38-77 cm)<br \/>\nTE\u017dINA: 17,1 g<br \/>\nVELI\u010cINA KAMENA: 2\u00d72,9 cm<br \/>\nDEBLJINA KAMENA: 0,9 cm<\/p>","protected":false},"excerpt":{"rendered":"<p>Unikaten obesek kolekcije Versy iz zelenega Granata na \u010drnem usnjenem traku s prilagodljivo dol\u017eino (poteg vozla gor oz. dol). Ogrlica je unisex in je primerna za otroke in odrasle. MATERIAL: Zeleni Granat (Tsavorit ali Tsavolit), \u010drno usnje DOL\u017dINA: prilagodljiva (38-77 cm) TE\u017dA: 17.1 g VELIKOST KAMNA: 2&#215;2,9 cm DEBELINA KAMNA: 0,9 cm<\/p>","protected":false},"featured_media":24867,"template":"","meta":[],"product_brand":[],"product_cat":[41,92,309],"product_tag":[648,1117],"class_list":{"0":"post-24864","1":"product","2":"type-product","3":"status-publish","4":"has-post-thumbnail","6":"product_cat-granat","7":"product_cat-obeski-in-usnje","8":"product_cat-versy","9":"product_tag-crno-usnje","10":"product_tag-zeleni-granat-tsavorit-ali-tsavolit","12":"first","13":"instock","14":"shipping-taxable","15":"purchasable","16":"product-type-simple"},"_links":{"self":[{"href":"https:\/\/moirai.si\/hr\/wp-json\/wp\/v2\/product\/24864","targetHints":{"allow":["GET"]}}],"collection":[{"href":"https:\/\/moirai.si\/hr\/wp-json\/wp\/v2\/product"}],"about":[{"href":"https:\/\/moirai.si\/hr\/wp-json\/wp\/v2\/types\/product"}],"wp:featuredmedia":[{"embeddable":true,"href":"https:\/\/moirai.si\/hr\/wp-json\/wp\/v2\/media\/24867"}],"wp:attachment":[{"href":"https:\/\/moirai.si\/hr\/wp-json\/wp\/v2\/media?parent=24864"}],"wp:term":[{"taxonomy":"product_brand","embeddable":true,"href":"https:\/\/moirai.si\/hr\/wp-json\/wp\/v2\/product_brand?post=24864"},{"taxonomy":"product_cat","embeddable":true,"href":"https:\/\/moirai.si\/hr\/wp-json\/wp\/v2\/product_cat?post=24864"},{"taxonomy":"product_tag","embeddable":true,"href":"https:\/\/moirai.si\/hr\/wp-json\/wp\/v2\/product_tag?post=24864"}],"curies":[{"name":"wp","href":"https:\/\/api.w.org\/{rel}","templated":true}]}}