{"id":24948,"date":"2024-07-19T13:12:13","date_gmt":"2024-07-19T13:12:13","guid":{"rendered":"https:\/\/moirai.si\/?post_type=product&#038;p=24948"},"modified":"2024-07-19T13:12:14","modified_gmt":"2024-07-19T13:12:14","slug":"versy-rozevec-girasol-5","status":"publish","type":"product","link":"https:\/\/moirai.si\/hr\/izdelek\/versy-rozevec-girasol-5\/","title":{"rendered":"Versy Rozenkvarc Girasol"},"content":{"rendered":"<p>Unikatan privjesak iz kolekcije Versy iz Girasol Rozenkvarca na crni ko\u017ei podesive du\u017eine (povucite \u010dvor gore ili dolje). Ogrlica je unisex i pogodna je za djecu i odrasle. <\/p>\n<p>MATERIAL: Rozenkvarc &amp; Girasol, crna ko\u017ea<br \/>\nDU\u017dINA: podesiva (38-77 cm)<br \/>\nTE\u017dINA: 10,8 g<br \/>\nVELI\u010cINA KAMENA: 1,5\u00d72,6 cm<br \/>\nDEBLJINA KAMENA: 0,9 cm <\/p>","protected":false},"excerpt":{"rendered":"<p>Unikaten obesek kolekcije Versy iz Ro\u017eevec Girasola na \u010drnem usnjenem traku s prilagodljivo dol\u017eino (poteg vozla gor oz. dol). Ogrlica je unisex in je primerna za otroke in odrasle. MATERIAL: Ro\u017eevec &#038; Girasol, \u010drno usnje DOL\u017dINA: prilagodljiva (38-77 cm) TE\u017dA: 10,8 g VELIKOST KAMNA: 1,5&#215;2,6 cm DEBELINA KAMNA: 0,9 cm<\/p>","protected":false},"featured_media":24949,"template":"","meta":[],"product_brand":[],"product_cat":[92,69,309],"product_tag":[648,1118],"class_list":{"0":"post-24948","1":"product","2":"type-product","3":"status-publish","4":"has-post-thumbnail","6":"product_cat-obeski-in-usnje","7":"product_cat-rozevec","8":"product_cat-versy","9":"product_tag-crno-usnje","10":"product_tag-rozevec-girasol","12":"first","13":"instock","14":"shipping-taxable","15":"purchasable","16":"product-type-simple"},"_links":{"self":[{"href":"https:\/\/moirai.si\/hr\/wp-json\/wp\/v2\/product\/24948","targetHints":{"allow":["GET"]}}],"collection":[{"href":"https:\/\/moirai.si\/hr\/wp-json\/wp\/v2\/product"}],"about":[{"href":"https:\/\/moirai.si\/hr\/wp-json\/wp\/v2\/types\/product"}],"wp:featuredmedia":[{"embeddable":true,"href":"https:\/\/moirai.si\/hr\/wp-json\/wp\/v2\/media\/24949"}],"wp:attachment":[{"href":"https:\/\/moirai.si\/hr\/wp-json\/wp\/v2\/media?parent=24948"}],"wp:term":[{"taxonomy":"product_brand","embeddable":true,"href":"https:\/\/moirai.si\/hr\/wp-json\/wp\/v2\/product_brand?post=24948"},{"taxonomy":"product_cat","embeddable":true,"href":"https:\/\/moirai.si\/hr\/wp-json\/wp\/v2\/product_cat?post=24948"},{"taxonomy":"product_tag","embeddable":true,"href":"https:\/\/moirai.si\/hr\/wp-json\/wp\/v2\/product_tag?post=24948"}],"curies":[{"name":"wp","href":"https:\/\/api.w.org\/{rel}","templated":true}]}}