{"id":24972,"date":"2024-07-24T12:41:38","date_gmt":"2024-07-24T12:41:38","guid":{"rendered":"https:\/\/moirai.si\/?post_type=product&#038;p=24972"},"modified":"2024-07-24T12:41:38","modified_gmt":"2024-07-24T12:41:38","slug":"versy-mesecev-kamen-5","status":"publish","type":"product","link":"https:\/\/moirai.si\/hr\/izdelek\/versy-mesecev-kamen-5\/","title":{"rendered":"Versy mjese\u010dev kamen"},"content":{"rendered":"<p>Unikatan privjesak iz kolekcije Versy Mjese\u010dev Kamen na crni ko\u017ei podesive duljine (povucite \u010dvor gore ili dolje). Ogrlica je unisex i pogodna je za djecu i odrasle. <\/p>\n<p>MATERIAL: Mjese\u010dev kamen, crna ko\u017ea<br \/>\nDU\u017dINA: podesiva (38-77 cm)<br \/>\nTE\u017dA: 11,7 g<br \/>\nVELIKOST KAMNA: 2,3&#215;2,8 cm<br \/>\nDEBLJINA KAMENA: 0,7 cm <\/p>","protected":false},"excerpt":{"rendered":"<p>Unikaten obesek kolekcije Versy iz Mese\u010devega kamna na \u010drnem usnjenem traku s prilagodljivo dol\u017eino (poteg vozla gor oz. dol). Ogrlica je unisex in je primerna za otroke in odrasle. MATERIAL: Mese\u010dev kamen, \u010drno usnje DOL\u017dINA: prilagodljiva (38-77 cm) TE\u017dA: 11,7 g VELIKOST KAMNA: 2,3&#215;2,8 cm DEBELINA KAMNA: 0,7 cm<\/p>","protected":false},"featured_media":24973,"template":"","meta":[],"product_brand":[],"product_cat":[59,92,309],"product_tag":[648,366],"class_list":{"0":"post-24972","1":"product","2":"type-product","3":"status-publish","4":"has-post-thumbnail","6":"product_cat-mesecev-kamen","7":"product_cat-obeski-in-usnje","8":"product_cat-versy","9":"product_tag-crno-usnje","10":"product_tag-mesecev-kamen","12":"first","13":"instock","14":"shipping-taxable","15":"purchasable","16":"product-type-simple"},"_links":{"self":[{"href":"https:\/\/moirai.si\/hr\/wp-json\/wp\/v2\/product\/24972","targetHints":{"allow":["GET"]}}],"collection":[{"href":"https:\/\/moirai.si\/hr\/wp-json\/wp\/v2\/product"}],"about":[{"href":"https:\/\/moirai.si\/hr\/wp-json\/wp\/v2\/types\/product"}],"wp:featuredmedia":[{"embeddable":true,"href":"https:\/\/moirai.si\/hr\/wp-json\/wp\/v2\/media\/24973"}],"wp:attachment":[{"href":"https:\/\/moirai.si\/hr\/wp-json\/wp\/v2\/media?parent=24972"}],"wp:term":[{"taxonomy":"product_brand","embeddable":true,"href":"https:\/\/moirai.si\/hr\/wp-json\/wp\/v2\/product_brand?post=24972"},{"taxonomy":"product_cat","embeddable":true,"href":"https:\/\/moirai.si\/hr\/wp-json\/wp\/v2\/product_cat?post=24972"},{"taxonomy":"product_tag","embeddable":true,"href":"https:\/\/moirai.si\/hr\/wp-json\/wp\/v2\/product_tag?post=24972"}],"curies":[{"name":"wp","href":"https:\/\/api.w.org\/{rel}","templated":true}]}}