{"id":25146,"date":"2024-11-28T15:40:33","date_gmt":"2024-11-28T15:40:33","guid":{"rendered":"https:\/\/moirai.si\/?post_type=product&#038;p=25146"},"modified":"2026-03-26T20:15:07","modified_gmt":"2026-03-26T20:15:07","slug":"prsten-sa-10-razlicitih-kamencica","status":"publish","type":"product","link":"https:\/\/moirai.si\/hr\/izdelek\/mosnjicek-z-10-razlicnimi-kamni\/","title":{"rendered":"Vre\u0107ica sa 10 razli\u010ditih kamen\u010di\u0107a"},"content":{"rendered":"<p>Vre\u0107ica od crvenog bar\u0161una sa 10 razli\u010ditih poliranih kamen\u010di\u0107a. Svaki kamen je u svojoj vre\u0107ici uz kratak opis kamena. Slika je simboli\u010dna. Mogu\u0107a su manja odstupanja u te\u017eini, boji i obliku. <\/p>\n<p>MATERIJAL: crveni bar\u0161un, 10 odabranih razli\u010ditih kamen\u010di\u0107a<br \/>\nDIMENZIJE: vre\u0107ica: d: 12cm, \u0161: 9cm; kamenje veli\u010dine cca 2 do 3 cm<br \/>\nTE\u017dINA: cca 110 g<\/p>","protected":false},"excerpt":{"rendered":"<p>Rde\u010d \u017eameten mo\u0161nji\u010dek z 10 razli\u010dnimi spoliranimi kamni. Vsak kamen je v svoji vre\u010dki skupaj s kratkim opisom o kamnu. Slika je simboli\u010dna. Mo\u017ena so manj\u0161a odstopanja v te\u017ei, barvi in obliki. MATERIAL: rde\u010d \u017eamet (mo\u0161nji\u010dek), 10 izbranih razli\u010dnih kamnov DIMENZIJE: mo\u0161nji\u010dek: d: 12cm, \u0161: 9cm; kamni dimenzije cca 2 do 3cm TE\u017dA: cca 110 [&hellip;]<\/p>\n","protected":false},"featured_media":25147,"template":"","meta":[],"product_brand":[],"product_cat":[405,755,753],"product_tag":[1120,1123],"class_list":{"0":"post-25146","1":"product","2":"type-product","3":"status-publish","4":"has-post-thumbnail","6":"product_cat-akcija","7":"product_cat-mix","8":"product_cat-rocni-kamni","9":"product_tag-10-izbranih-razlicnih-kamnov","10":"product_tag-rdec-zamet-mosnjicek","12":"first","13":"instock","14":"sale","15":"shipping-taxable","16":"purchasable","17":"product-type-simple"},"_links":{"self":[{"href":"https:\/\/moirai.si\/hr\/wp-json\/wp\/v2\/product\/25146","targetHints":{"allow":["GET"]}}],"collection":[{"href":"https:\/\/moirai.si\/hr\/wp-json\/wp\/v2\/product"}],"about":[{"href":"https:\/\/moirai.si\/hr\/wp-json\/wp\/v2\/types\/product"}],"wp:featuredmedia":[{"embeddable":true,"href":"https:\/\/moirai.si\/hr\/wp-json\/wp\/v2\/media\/25147"}],"wp:attachment":[{"href":"https:\/\/moirai.si\/hr\/wp-json\/wp\/v2\/media?parent=25146"}],"wp:term":[{"taxonomy":"product_brand","embeddable":true,"href":"https:\/\/moirai.si\/hr\/wp-json\/wp\/v2\/product_brand?post=25146"},{"taxonomy":"product_cat","embeddable":true,"href":"https:\/\/moirai.si\/hr\/wp-json\/wp\/v2\/product_cat?post=25146"},{"taxonomy":"product_tag","embeddable":true,"href":"https:\/\/moirai.si\/hr\/wp-json\/wp\/v2\/product_tag?post=25146"}],"curies":[{"name":"wp","href":"https:\/\/api.w.org\/{rel}","templated":true}]}}