{"id":25156,"date":"2024-11-28T16:50:39","date_gmt":"2024-11-28T16:50:39","guid":{"rendered":"https:\/\/moirai.si\/?post_type=product&#038;p=25156"},"modified":"2025-11-24T14:13:16","modified_gmt":"2025-11-24T14:13:16","slug":"cvijet-ruze","status":"publish","type":"product","link":"https:\/\/moirai.si\/hr\/izdelek\/rozevec\/","title":{"rendered":"Rozenkvarc"},"content":{"rendered":"<p>Prekrasan komad nepoliranih Ro\u017eevaca, koji slu\u017ei kao odli\u010dan ukras za va\u0161 dom ili kao poklon za va\u0161e najmilije. Slika je simboli\u010dna. Mogu\u0107a su manja odstupanja u boji, te\u017eini i obliku.<\/p>\n<p>MATERIAL: Rozenkvarc<br \/>\nDIMENZIJE: cca. 5 cm<br \/>\nTE\u017dINA: cca. 90 g<\/p>","protected":false},"excerpt":{"rendered":"<p>\u010cudovit kos nespoliranega Ro\u017eevca, ki slu\u017ei kot odli\u010dna okrasitev doma ali kot darilo za va\u0161e najbli\u017enje. Slika je simboli\u010dna. Mo\u017ena so manj\u0161a odstopanja v barvi, te\u017ei in obliki. MATERIAL: Ro\u017eevec DIMENZIJE: cca 5 cm TE\u017dA: cca 90 g<\/p>","protected":false},"featured_media":25175,"template":"","meta":[],"product_brand":[],"product_cat":[185,69],"product_tag":[225],"class_list":{"0":"post-25156","1":"product","2":"type-product","3":"status-publish","4":"has-post-thumbnail","6":"product_cat-kristali-in-minerali","7":"product_cat-rozevec","8":"product_tag-rozevec","10":"first","11":"instock","12":"shipping-taxable","13":"purchasable","14":"product-type-simple"},"_links":{"self":[{"href":"https:\/\/moirai.si\/hr\/wp-json\/wp\/v2\/product\/25156","targetHints":{"allow":["GET"]}}],"collection":[{"href":"https:\/\/moirai.si\/hr\/wp-json\/wp\/v2\/product"}],"about":[{"href":"https:\/\/moirai.si\/hr\/wp-json\/wp\/v2\/types\/product"}],"wp:featuredmedia":[{"embeddable":true,"href":"https:\/\/moirai.si\/hr\/wp-json\/wp\/v2\/media\/25175"}],"wp:attachment":[{"href":"https:\/\/moirai.si\/hr\/wp-json\/wp\/v2\/media?parent=25156"}],"wp:term":[{"taxonomy":"product_brand","embeddable":true,"href":"https:\/\/moirai.si\/hr\/wp-json\/wp\/v2\/product_brand?post=25156"},{"taxonomy":"product_cat","embeddable":true,"href":"https:\/\/moirai.si\/hr\/wp-json\/wp\/v2\/product_cat?post=25156"},{"taxonomy":"product_tag","embeddable":true,"href":"https:\/\/moirai.si\/hr\/wp-json\/wp\/v2\/product_tag?post=25156"}],"curies":[{"name":"wp","href":"https:\/\/api.w.org\/{rel}","templated":true}]}}