{"id":25171,"date":"2024-11-28T17:44:56","date_gmt":"2024-11-28T17:44:56","guid":{"rendered":"https:\/\/moirai.si\/?post_type=product&#038;p=25171"},"modified":"2026-03-26T09:40:52","modified_gmt":"2026-03-26T09:40:52","slug":"girasol-ruzicasta-l","status":"publish","type":"product","link":"https:\/\/moirai.si\/hr\/izdelek\/girasol-rozevec-l\/","title":{"rendered":"Girasol Rozenkvarc L"},"content":{"rendered":"<p>Prekrasan komad poliranog Girasol Rozenkvarca, prikladan kao kamen za iscjeljivanje ili kao dar za va\u0161e najmilije. Slika je simboli\u010dna. Mogu\u0107a su manja odstupanja u boji, te\u017eini i obliki.<\/p>\n<p>MATERIAL: Girasol Rozenkvarc (Madagaskar)<br \/>\nDIMENZIJE: cca 3 cm<br \/>\nTE\u017dINA: 10-20 g<\/p>","protected":false},"excerpt":{"rendered":"<p>\u010cudovit kos spoliranega Girasol Ro\u017eevca, primeren kot zdravilni ro\u010dni kamen ali kot darilo za va\u0161e najbli\u017enje. Slika je simboli\u010dna. Mo\u017ena so manj\u0161a odstopanja v barvi, te\u017ei in obliki. MATERIAL: Girasol Ro\u017eevec (Madagaskar) DIMENZIJE: cca 3 cm TE\u017dA: 10-20 g<\/p>","protected":false},"featured_media":25174,"template":"","meta":[],"product_brand":[],"product_cat":[753,69],"product_tag":[1126],"class_list":{"0":"post-25171","1":"product","2":"type-product","3":"status-publish","4":"has-post-thumbnail","6":"product_cat-rocni-kamni","7":"product_cat-rozevec","8":"product_tag-girasol-rozevec-madagaskar","10":"first","11":"instock","12":"shipping-taxable","13":"purchasable","14":"product-type-simple"},"_links":{"self":[{"href":"https:\/\/moirai.si\/hr\/wp-json\/wp\/v2\/product\/25171","targetHints":{"allow":["GET"]}}],"collection":[{"href":"https:\/\/moirai.si\/hr\/wp-json\/wp\/v2\/product"}],"about":[{"href":"https:\/\/moirai.si\/hr\/wp-json\/wp\/v2\/types\/product"}],"wp:featuredmedia":[{"embeddable":true,"href":"https:\/\/moirai.si\/hr\/wp-json\/wp\/v2\/media\/25174"}],"wp:attachment":[{"href":"https:\/\/moirai.si\/hr\/wp-json\/wp\/v2\/media?parent=25171"}],"wp:term":[{"taxonomy":"product_brand","embeddable":true,"href":"https:\/\/moirai.si\/hr\/wp-json\/wp\/v2\/product_brand?post=25171"},{"taxonomy":"product_cat","embeddable":true,"href":"https:\/\/moirai.si\/hr\/wp-json\/wp\/v2\/product_cat?post=25171"},{"taxonomy":"product_tag","embeddable":true,"href":"https:\/\/moirai.si\/hr\/wp-json\/wp\/v2\/product_tag?post=25171"}],"curies":[{"name":"wp","href":"https:\/\/api.w.org\/{rel}","templated":true}]}}