{"id":25172,"date":"2024-11-28T18:01:05","date_gmt":"2024-11-28T18:01:05","guid":{"rendered":"https:\/\/moirai.si\/?post_type=product&#038;p=25172"},"modified":"2025-11-11T13:37:14","modified_gmt":"2025-11-11T13:37:14","slug":"tigrovo-zeljezo","status":"publish","type":"product","link":"https:\/\/moirai.si\/hr\/izdelek\/tigrovo-zelezo\/","title":{"rendered":"Tigrovo \u017deljezo"},"content":{"rendered":"<p>Prekrasan komad poliranog tigrovog \u017eeljeza, pogodan kao iscjeliteljski kamen ili kao poklon za va\u0161e voljene. Slika je simboli\u010dna. Mogu\u0107e su manje varijacije u boji, te\u017eini i obliku.<\/p>\n<p>MATERIJAL: Tiger Iron (Afrika)<br \/>\nDIMENZIJE: cca 4 cm<br \/>\nTE\u017dINA: 20-30 g<\/p>","protected":false},"excerpt":{"rendered":"<p>\u010cudovit kos spoliranega Tigrovega \u017deleza, primeren kot zdravilni ro\u010dni kamen ali kot darilo za va\u0161e najbli\u017enje. Slika je simboli\u010dna. Mo\u017ena so manj\u0161a odstopanja v barvi, te\u017ei in obliki. MATERIAL: Tigrovo \u017delezo (Afrika) DIMENZIJE: cca 4 cm TE\u017dA: 20-30 g<\/p>","protected":false},"featured_media":25176,"template":"","meta":[],"product_brand":[],"product_cat":[753,81],"product_tag":[1127],"class_list":{"0":"post-25172","1":"product","2":"type-product","3":"status-publish","4":"has-post-thumbnail","6":"product_cat-rocni-kamni","7":"product_cat-tigrovo-oko","8":"product_tag-tigrovo-zelezo-afrika","10":"first","11":"instock","12":"shipping-taxable","13":"purchasable","14":"product-type-simple"},"_links":{"self":[{"href":"https:\/\/moirai.si\/hr\/wp-json\/wp\/v2\/product\/25172","targetHints":{"allow":["GET"]}}],"collection":[{"href":"https:\/\/moirai.si\/hr\/wp-json\/wp\/v2\/product"}],"about":[{"href":"https:\/\/moirai.si\/hr\/wp-json\/wp\/v2\/types\/product"}],"wp:featuredmedia":[{"embeddable":true,"href":"https:\/\/moirai.si\/hr\/wp-json\/wp\/v2\/media\/25176"}],"wp:attachment":[{"href":"https:\/\/moirai.si\/hr\/wp-json\/wp\/v2\/media?parent=25172"}],"wp:term":[{"taxonomy":"product_brand","embeddable":true,"href":"https:\/\/moirai.si\/hr\/wp-json\/wp\/v2\/product_brand?post=25172"},{"taxonomy":"product_cat","embeddable":true,"href":"https:\/\/moirai.si\/hr\/wp-json\/wp\/v2\/product_cat?post=25172"},{"taxonomy":"product_tag","embeddable":true,"href":"https:\/\/moirai.si\/hr\/wp-json\/wp\/v2\/product_tag?post=25172"}],"curies":[{"name":"wp","href":"https:\/\/api.w.org\/{rel}","templated":true}]}}