{"id":25188,"date":"2024-11-28T20:42:15","date_gmt":"2024-11-28T20:42:15","guid":{"rendered":"https:\/\/moirai.si\/?post_type=product&#038;p=25188"},"modified":"2024-11-28T20:42:15","modified_gmt":"2024-11-28T20:42:15","slug":"versy-mesecev-kamen","status":"publish","type":"product","link":"https:\/\/moirai.si\/hr\/izdelek\/versy-mesecev-kamen\/","title":{"rendered":"Versy mjese\u010dev kamen"},"content":{"rendered":"<p>Unikatan privjesak kolekcije Versy Mjese\u010dev kamen na crni ko\u017ei podesive duljine (povucite \u010dvor gore ili dolje). Ogrlica je unisex i pogodna je za djecu i odrasle. <\/p>\n<p>MATERIAL: Mjese\u010dev Kamen, crna ko\u017ea<br \/>\nDU\u017dINA: podesiva (38-77 cm)<br \/>\nTE\u017dINA: 14,3 g<br \/>\nVELIKOST KAMNA: 1,6&#215;2,5 cm<br \/>\nDEBLJINA KAMENA: 1,2 cm <\/p>","protected":false},"excerpt":{"rendered":"<p>Unikaten obesek kolekcije Versy iz Mese\u010devega Kamna na \u010drnem usnjenem traku s prilagodljivo dol\u017eino (poteg vozla gor oz. dol). Ogrlica je unisex in je primerna za otroke in odrasle. MATERIAL: Mese\u010dev Kamen, \u010drno usnje DOL\u017dINA: prilagodljiva (38-77 cm) TE\u017dA: 14,3 g VELIKOST KAMNA: 1,6&#215;2,5 cm DEBELINA KAMNA: 1,2 cm<\/p>","protected":false},"featured_media":25189,"template":"","meta":[],"product_brand":[],"product_cat":[59,92,309],"product_tag":[648,366],"class_list":{"0":"post-25188","1":"product","2":"type-product","3":"status-publish","4":"has-post-thumbnail","6":"product_cat-mesecev-kamen","7":"product_cat-obeski-in-usnje","8":"product_cat-versy","9":"product_tag-crno-usnje","10":"product_tag-mesecev-kamen","12":"first","13":"instock","14":"shipping-taxable","15":"purchasable","16":"product-type-simple"},"_links":{"self":[{"href":"https:\/\/moirai.si\/hr\/wp-json\/wp\/v2\/product\/25188","targetHints":{"allow":["GET"]}}],"collection":[{"href":"https:\/\/moirai.si\/hr\/wp-json\/wp\/v2\/product"}],"about":[{"href":"https:\/\/moirai.si\/hr\/wp-json\/wp\/v2\/types\/product"}],"wp:featuredmedia":[{"embeddable":true,"href":"https:\/\/moirai.si\/hr\/wp-json\/wp\/v2\/media\/25189"}],"wp:attachment":[{"href":"https:\/\/moirai.si\/hr\/wp-json\/wp\/v2\/media?parent=25188"}],"wp:term":[{"taxonomy":"product_brand","embeddable":true,"href":"https:\/\/moirai.si\/hr\/wp-json\/wp\/v2\/product_brand?post=25188"},{"taxonomy":"product_cat","embeddable":true,"href":"https:\/\/moirai.si\/hr\/wp-json\/wp\/v2\/product_cat?post=25188"},{"taxonomy":"product_tag","embeddable":true,"href":"https:\/\/moirai.si\/hr\/wp-json\/wp\/v2\/product_tag?post=25188"}],"curies":[{"name":"wp","href":"https:\/\/api.w.org\/{rel}","templated":true}]}}