{"id":25190,"date":"2024-11-28T20:46:38","date_gmt":"2024-11-28T20:46:38","guid":{"rendered":"https:\/\/moirai.si\/?post_type=product&#038;p=25190"},"modified":"2025-02-19T18:45:22","modified_gmt":"2025-02-19T18:45:22","slug":"mahovinski-agat-4-stih","status":"publish","type":"product","link":"https:\/\/moirai.si\/hr\/izdelek\/versy-ahat-mahovni-4\/","title":{"rendered":"Versy Ahat Mahovina"},"content":{"rendered":"<p>Unikatan privjesak kolekcije Versy Mahovina Ahat na crni ko\u017ei podesive duljine (povucite \u010dvor gore ili dolje). Ogrlica je unisex i pogodna je za djecu i odrasle. <\/p>\n<p>Vi\u0161e informacija: <a href=\"https:\/\/moirai.si\/hr\/ahat\/\" target=\"_blank\" rel=\"noopener noreferrer\">Ahat<\/a><\/p>\n<p>MATERIAL: Mahovina Ahat, crna ko\u017ea<br \/>\nDU\u017dINA: podesiva (38-77 cm)<br \/>\nTE\u017dINA: 16,6 g<br \/>\nVELI\u010cINA KAMENA: 2,1 \u00d7 2,6 cm<br \/>\nDEBLJINA KAMENA: 1,3 cm <\/p>","protected":false},"excerpt":{"rendered":"<p>Unikaten obesek kolekcije Versy iz Mahovnega Ahata na \u010drnem usnjenem traku s prilagodljivo dol\u017eino (poteg vozla gor oz. dol). Ogrlica je unisex in je primerna za otroke in odrasle. Ve\u010d informacij: Ahat MATERIAL: Mahovni Ahat, \u010drno usnje DOL\u017dINA: prilagodljiva (38-77 cm) TE\u017dA: 16,6 g VELIKOST KAMNA: 2,1&#215;2,6 cm DEBELINA KAMNA: 1,3 cm<\/p>","protected":false},"featured_media":25191,"template":"","meta":[],"product_brand":[],"product_cat":[30,92,309],"product_tag":[648,775],"class_list":{"0":"post-25190","1":"product","2":"type-product","3":"status-publish","4":"has-post-thumbnail","6":"product_cat-ahat","7":"product_cat-obeski-in-usnje","8":"product_cat-versy","9":"product_tag-crno-usnje","10":"product_tag-mahovni-ahat","12":"first","13":"instock","14":"shipping-taxable","15":"purchasable","16":"product-type-simple"},"_links":{"self":[{"href":"https:\/\/moirai.si\/hr\/wp-json\/wp\/v2\/product\/25190","targetHints":{"allow":["GET"]}}],"collection":[{"href":"https:\/\/moirai.si\/hr\/wp-json\/wp\/v2\/product"}],"about":[{"href":"https:\/\/moirai.si\/hr\/wp-json\/wp\/v2\/types\/product"}],"wp:featuredmedia":[{"embeddable":true,"href":"https:\/\/moirai.si\/hr\/wp-json\/wp\/v2\/media\/25191"}],"wp:attachment":[{"href":"https:\/\/moirai.si\/hr\/wp-json\/wp\/v2\/media?parent=25190"}],"wp:term":[{"taxonomy":"product_brand","embeddable":true,"href":"https:\/\/moirai.si\/hr\/wp-json\/wp\/v2\/product_brand?post=25190"},{"taxonomy":"product_cat","embeddable":true,"href":"https:\/\/moirai.si\/hr\/wp-json\/wp\/v2\/product_cat?post=25190"},{"taxonomy":"product_tag","embeddable":true,"href":"https:\/\/moirai.si\/hr\/wp-json\/wp\/v2\/product_tag?post=25190"}],"curies":[{"name":"wp","href":"https:\/\/api.w.org\/{rel}","templated":true}]}}