{"id":25198,"date":"2024-11-28T21:16:31","date_gmt":"2024-11-28T21:16:31","guid":{"rendered":"https:\/\/moirai.si\/?post_type=product&#038;p=25198"},"modified":"2025-08-19T20:32:15","modified_gmt":"2025-08-19T20:32:15","slug":"versy-amazonit-10","status":"publish","type":"product","link":"https:\/\/moirai.si\/hr\/izdelek\/versy-amazonit-10\/","title":{"rendered":"Versy Amazonit"},"content":{"rendered":"<p>Unikatan privjesak kolekcije Versy Amazonit na crni ko\u017ei podesive duljine (povucite \u010dvor gore ili dolje). Ogrlica je unisex i pogodna je za djecu i odrasle. <\/p>\n<p>Vi\u0161e informacija: <a href=\"https:\/\/moirai.si\/hr\/amazonit\/\" target=\"_blank\" rel=\"noopener noreferrer\">Amazonit<\/a><\/p>\n<p>MATERIAL: Amazonit, crna ko\u017ea<br \/>\nDU\u017dINA: podesiva (38-77 cm)<br \/>\nTE\u017dA: 11,1 g<br \/>\nVELIKOST KAMNA: 2&#215;2,6 cm<br \/>\nDEBLJINA KAMENA: 0,8 cm<\/p>","protected":false},"excerpt":{"rendered":"<p>Unikaten obesek kolekcije Versy iz Amazonita na \u010drnem usnjenem traku s prilagodljivo dol\u017eino (poteg vozla gor oz. dol). Ogrlica je unisex in je primerna za otroke in odrasle. Ve\u010d informacij: Amazonit MATERIAL: Amazonit, \u010drno usnje DOL\u017dINA: prilagodljiva (38-77 cm) TE\u017dA: 11,1 g VELIKOST KAMNA: 2&#215;2,6 cm DEBELINA KAMNA: 0,8 cm<\/p>","protected":false},"featured_media":25199,"template":"","meta":[],"product_brand":[],"product_cat":[32,92,309],"product_tag":[228,648],"class_list":{"0":"post-25198","1":"product","2":"type-product","3":"status-publish","4":"has-post-thumbnail","6":"product_cat-amazonit","7":"product_cat-obeski-in-usnje","8":"product_cat-versy","9":"product_tag-amazonit","10":"product_tag-crno-usnje","12":"first","13":"instock","14":"shipping-taxable","15":"purchasable","16":"product-type-simple"},"_links":{"self":[{"href":"https:\/\/moirai.si\/hr\/wp-json\/wp\/v2\/product\/25198","targetHints":{"allow":["GET"]}}],"collection":[{"href":"https:\/\/moirai.si\/hr\/wp-json\/wp\/v2\/product"}],"about":[{"href":"https:\/\/moirai.si\/hr\/wp-json\/wp\/v2\/types\/product"}],"wp:featuredmedia":[{"embeddable":true,"href":"https:\/\/moirai.si\/hr\/wp-json\/wp\/v2\/media\/25199"}],"wp:attachment":[{"href":"https:\/\/moirai.si\/hr\/wp-json\/wp\/v2\/media?parent=25198"}],"wp:term":[{"taxonomy":"product_brand","embeddable":true,"href":"https:\/\/moirai.si\/hr\/wp-json\/wp\/v2\/product_brand?post=25198"},{"taxonomy":"product_cat","embeddable":true,"href":"https:\/\/moirai.si\/hr\/wp-json\/wp\/v2\/product_cat?post=25198"},{"taxonomy":"product_tag","embeddable":true,"href":"https:\/\/moirai.si\/hr\/wp-json\/wp\/v2\/product_tag?post=25198"}],"curies":[{"name":"wp","href":"https:\/\/api.w.org\/{rel}","templated":true}]}}