{"id":25221,"date":"2024-11-28T23:21:21","date_gmt":"2024-11-28T23:21:21","guid":{"rendered":"https:\/\/moirai.si\/?post_type=product&#038;p=25221"},"modified":"2024-11-28T23:21:22","modified_gmt":"2024-11-28T23:21:22","slug":"malahitni-stihovi-5","status":"publish","type":"product","link":"https:\/\/moirai.si\/hr\/izdelek\/versy-malahit-5\/","title":{"rendered":"Versy Malahit"},"content":{"rendered":"<p>Unikatan privjesak iz kolekcije Versy iz Malahita na crni ko\u017ei podesive du\u017eine (povucite \u010dvor gore ili dolje). Ogrlica je unisex i pogodna je za djecu i odrasle. <\/p>\n<p>MATERIAL: Malahit, crna ko\u017ea<br \/>\nDU\u017dINA: podesiva (38-77 cm)<br \/>\nTE\u017dINA: 26,9 g<br \/>\nVELI\u010cINA KAMENA: 2\u00d73,1 cm<br \/>\nDEBLJINA KAMENA: 1 cm <\/p>","protected":false},"excerpt":{"rendered":"<p>Unikaten obesek kolekcije Versy iz Malahita na \u010drnem usnjenem traku s prilagodljivo dol\u017eino (poteg vozla gor oz. dol). Ogrlica je unisex in je primerna za otroke in odrasle. MATERIAL: Malahit, \u010drno usnje DOL\u017dINA: prilagodljiva (38-77 cm) TE\u017dA: 26,9 g VELIKOST KAMNA: 2&#215;3,1 cm DEBELINA KAMNA: 1 cm<\/p>","protected":false},"featured_media":25222,"template":"","meta":[],"product_brand":[],"product_cat":[60,92,309],"product_tag":[648,399],"class_list":{"0":"post-25221","1":"product","2":"type-product","3":"status-publish","4":"has-post-thumbnail","6":"product_cat-malahit","7":"product_cat-obeski-in-usnje","8":"product_cat-versy","9":"product_tag-crno-usnje","10":"product_tag-malahit","12":"first","13":"instock","14":"shipping-taxable","15":"purchasable","16":"product-type-simple"},"_links":{"self":[{"href":"https:\/\/moirai.si\/hr\/wp-json\/wp\/v2\/product\/25221","targetHints":{"allow":["GET"]}}],"collection":[{"href":"https:\/\/moirai.si\/hr\/wp-json\/wp\/v2\/product"}],"about":[{"href":"https:\/\/moirai.si\/hr\/wp-json\/wp\/v2\/types\/product"}],"wp:featuredmedia":[{"embeddable":true,"href":"https:\/\/moirai.si\/hr\/wp-json\/wp\/v2\/media\/25222"}],"wp:attachment":[{"href":"https:\/\/moirai.si\/hr\/wp-json\/wp\/v2\/media?parent=25221"}],"wp:term":[{"taxonomy":"product_brand","embeddable":true,"href":"https:\/\/moirai.si\/hr\/wp-json\/wp\/v2\/product_brand?post=25221"},{"taxonomy":"product_cat","embeddable":true,"href":"https:\/\/moirai.si\/hr\/wp-json\/wp\/v2\/product_cat?post=25221"},{"taxonomy":"product_tag","embeddable":true,"href":"https:\/\/moirai.si\/hr\/wp-json\/wp\/v2\/product_tag?post=25221"}],"curies":[{"name":"wp","href":"https:\/\/api.w.org\/{rel}","templated":true}]}}