{"id":25225,"date":"2024-11-28T23:39:10","date_gmt":"2024-11-28T23:39:10","guid":{"rendered":"https:\/\/moirai.si\/?post_type=product&#038;p=25225"},"modified":"2024-11-28T23:39:10","modified_gmt":"2024-11-28T23:39:10","slug":"versy-rodonit-3","status":"publish","type":"product","link":"https:\/\/moirai.si\/hr\/izdelek\/versy-rodonit-3\/","title":{"rendered":"Versy Rodonit"},"content":{"rendered":"<p>Unikatan privjesak iz kolekcije Versy iz Rodonita na crni ko\u017ei podesive du\u017eine (povucite \u010dvor gore ili dolje). Ogrlica je unisex i pogodna je za djecu i odrasle. <\/p>\n<p>MATERIAL: Rodonit, crna ko\u017ea<br \/>\nDU\u017dINA: podesiva (38-77 cm)<br \/>\nTE\u017dINA: 10 g<br \/>\nDIMENZIJA KAMENA: 1,5\u00d72,2 cm<br \/>\nDEBLJINA KAMENA: 0,8 cm <\/p>","protected":false},"excerpt":{"rendered":"<p>Unikaten obesek kolekcije Versy iz Rodonita na \u010drnem usnjenem traku s prilagodljivo dol\u017eino (poteg vozla gor oz. dol). Ogrlica je unisex in je primerna za otroke in odrasle. MATERIAL: Rodonit, \u010drno usnje DOL\u017dINA: prilagodljiva (38-77 cm) TE\u017dA: 10 g VELIKOST KAMNA: 1,5&#215;2,2 cm DEBELINA KAMNA: 0,8 cm<\/p>","protected":false},"featured_media":25226,"template":"","meta":[],"product_brand":[],"product_cat":[92,70,309],"product_tag":[648,204],"class_list":{"0":"post-25225","1":"product","2":"type-product","3":"status-publish","4":"has-post-thumbnail","6":"product_cat-obeski-in-usnje","7":"product_cat-rodonit","8":"product_cat-versy","9":"product_tag-crno-usnje","10":"product_tag-rodonit","12":"first","13":"instock","14":"shipping-taxable","15":"purchasable","16":"product-type-simple"},"_links":{"self":[{"href":"https:\/\/moirai.si\/hr\/wp-json\/wp\/v2\/product\/25225","targetHints":{"allow":["GET"]}}],"collection":[{"href":"https:\/\/moirai.si\/hr\/wp-json\/wp\/v2\/product"}],"about":[{"href":"https:\/\/moirai.si\/hr\/wp-json\/wp\/v2\/types\/product"}],"wp:featuredmedia":[{"embeddable":true,"href":"https:\/\/moirai.si\/hr\/wp-json\/wp\/v2\/media\/25226"}],"wp:attachment":[{"href":"https:\/\/moirai.si\/hr\/wp-json\/wp\/v2\/media?parent=25225"}],"wp:term":[{"taxonomy":"product_brand","embeddable":true,"href":"https:\/\/moirai.si\/hr\/wp-json\/wp\/v2\/product_brand?post=25225"},{"taxonomy":"product_cat","embeddable":true,"href":"https:\/\/moirai.si\/hr\/wp-json\/wp\/v2\/product_cat?post=25225"},{"taxonomy":"product_tag","embeddable":true,"href":"https:\/\/moirai.si\/hr\/wp-json\/wp\/v2\/product_tag?post=25225"}],"curies":[{"name":"wp","href":"https:\/\/api.w.org\/{rel}","templated":true}]}}