{"id":25261,"date":"2024-11-29T20:45:13","date_gmt":"2024-11-29T20:45:13","guid":{"rendered":"https:\/\/moirai.si\/?post_type=product&#038;p=25261"},"modified":"2025-10-14T12:55:54","modified_gmt":"2025-10-14T12:55:54","slug":"vrlo-andeoski","status":"publish","type":"product","link":"https:\/\/moirai.si\/hr\/izdelek\/versy-angelit\/","title":{"rendered":"Versy Angelit"},"content":{"rendered":"<p>Unikatni privjesak iz kolekcije Versy iz Angelita na crni ko\u017ei podesive duljine (povucite \u010dvor prema gore ili dolje). Ogrlica je unisex i pogodna je za djecu i odrasle.<\/p>\n<p>Vi\u0161e informacija: <a href=\"https:\/\/moirai.si\/hr\/angelit\/\" target=\"_blank\" rel=\"noopener noreferrer\">Angelit<\/a><\/p>\n<p>MATERIAL: Angelit, crna ko\u017ea<br \/>\nDU\u017dINA: podesiva (38-77 cm)<br \/>\nTE\u017dINA: 23,7 g<br \/>\nVELI\u010cINA KAMENA: 2-3 cm<br \/>\nDEBLJINA KAMENA: 1,6 cm<\/p>","protected":false},"excerpt":{"rendered":"<p>Unikaten obesek kolekcije Versy iz Angelita na \u010drnem usnjenem traku s prilagodljivo dol\u017eino (poteg vozla gor oz. dol). Ogrlica je unisex in je primerna za otroke in odrasle. Ve\u010d informacij: Angelit MATERIAL: Angelit, \u010drno usnje DOL\u017dINA: prilagodljiva (38-77 cm) TE\u017dA: 23,7 g VELIKOST KAMNA: 2-3 cm DEBELINA KAMNA: 1,6 cm<\/p>","protected":false},"featured_media":25262,"template":"","meta":[],"product_brand":[],"product_cat":[846,92,309],"product_tag":[826,648],"class_list":{"0":"post-25261","1":"product","2":"type-product","3":"status-publish","4":"has-post-thumbnail","6":"product_cat-angelit","7":"product_cat-obeski-in-usnje","8":"product_cat-versy","9":"product_tag-angelit","10":"product_tag-crno-usnje","12":"first","13":"instock","14":"shipping-taxable","15":"purchasable","16":"product-type-simple"},"_links":{"self":[{"href":"https:\/\/moirai.si\/hr\/wp-json\/wp\/v2\/product\/25261","targetHints":{"allow":["GET"]}}],"collection":[{"href":"https:\/\/moirai.si\/hr\/wp-json\/wp\/v2\/product"}],"about":[{"href":"https:\/\/moirai.si\/hr\/wp-json\/wp\/v2\/types\/product"}],"wp:featuredmedia":[{"embeddable":true,"href":"https:\/\/moirai.si\/hr\/wp-json\/wp\/v2\/media\/25262"}],"wp:attachment":[{"href":"https:\/\/moirai.si\/hr\/wp-json\/wp\/v2\/media?parent=25261"}],"wp:term":[{"taxonomy":"product_brand","embeddable":true,"href":"https:\/\/moirai.si\/hr\/wp-json\/wp\/v2\/product_brand?post=25261"},{"taxonomy":"product_cat","embeddable":true,"href":"https:\/\/moirai.si\/hr\/wp-json\/wp\/v2\/product_cat?post=25261"},{"taxonomy":"product_tag","embeddable":true,"href":"https:\/\/moirai.si\/hr\/wp-json\/wp\/v2\/product_tag?post=25261"}],"curies":[{"name":"wp","href":"https:\/\/api.w.org\/{rel}","templated":true}]}}