{"id":25296,"date":"2024-11-30T14:10:26","date_gmt":"2024-11-30T14:10:26","guid":{"rendered":"https:\/\/moirai.si\/?post_type=product&#038;p=25296"},"modified":"2024-11-30T14:10:26","modified_gmt":"2024-11-30T14:10:26","slug":"versy-rubin-5","status":"publish","type":"product","link":"https:\/\/moirai.si\/hr\/izdelek\/versy-rubin-5\/","title":{"rendered":"Versy Rubin"},"content":{"rendered":"<p>Unikatan privjesak kolekcije Versy Rubin na crni ko\u017ei podesive duljine (povucite \u010dvor gore ili dolje). Ogrlica je unisex i pogodna je za djecu i odrasle.<\/p>\n<p>MATERIAL: Rubin, crna ko\u017ea<br \/>\nDU\u017dINA: podesiva (38-77 cm)<br \/>\nTE\u017dA: 13,7 g<br \/>\nVELI\u010cINA KAMENA: 2\u00d72,9 cm<br \/>\nDEBLJINA KAMENA: 0,6 cm<\/p>","protected":false},"excerpt":{"rendered":"<p>Unikaten obesek kolekcije Versy iz Rubina na \u010drnem usnjenem traku s prilagodljivo dol\u017eino (poteg vozla gor oz. dol). Ogrlica je unisex in je primerna za otroke in odrasle. MATERIAL: Rubin, \u010drno usnje DOL\u017dINA: prilagodljiva (38-77 cm) TE\u017dA: 13,7 g VELIKOST KAMNA: 2&#215;2,9 cm DEBELINA KAMNA: 0,6 cm<\/p>","protected":false},"featured_media":25297,"template":"","meta":[],"product_brand":[],"product_cat":[92,73,309],"product_tag":[648,492],"class_list":{"0":"post-25296","1":"product","2":"type-product","3":"status-publish","4":"has-post-thumbnail","6":"product_cat-obeski-in-usnje","7":"product_cat-rubin","8":"product_cat-versy","9":"product_tag-crno-usnje","10":"product_tag-rubin","12":"first","13":"instock","14":"shipping-taxable","15":"purchasable","16":"product-type-simple"},"_links":{"self":[{"href":"https:\/\/moirai.si\/hr\/wp-json\/wp\/v2\/product\/25296","targetHints":{"allow":["GET"]}}],"collection":[{"href":"https:\/\/moirai.si\/hr\/wp-json\/wp\/v2\/product"}],"about":[{"href":"https:\/\/moirai.si\/hr\/wp-json\/wp\/v2\/types\/product"}],"wp:featuredmedia":[{"embeddable":true,"href":"https:\/\/moirai.si\/hr\/wp-json\/wp\/v2\/media\/25297"}],"wp:attachment":[{"href":"https:\/\/moirai.si\/hr\/wp-json\/wp\/v2\/media?parent=25296"}],"wp:term":[{"taxonomy":"product_brand","embeddable":true,"href":"https:\/\/moirai.si\/hr\/wp-json\/wp\/v2\/product_brand?post=25296"},{"taxonomy":"product_cat","embeddable":true,"href":"https:\/\/moirai.si\/hr\/wp-json\/wp\/v2\/product_cat?post=25296"},{"taxonomy":"product_tag","embeddable":true,"href":"https:\/\/moirai.si\/hr\/wp-json\/wp\/v2\/product_tag?post=25296"}],"curies":[{"name":"wp","href":"https:\/\/api.w.org\/{rel}","templated":true}]}}