{"id":25308,"date":"2024-11-30T15:22:47","date_gmt":"2024-11-30T15:22:47","guid":{"rendered":"https:\/\/moirai.si\/?post_type=product&#038;p=25308"},"modified":"2025-08-19T20:17:20","modified_gmt":"2025-08-19T20:17:20","slug":"versy-rubin-zoisit-2","status":"publish","type":"product","link":"https:\/\/moirai.si\/hr\/izdelek\/versy-rubin-zoisit-2\/","title":{"rendered":"Versy Rubin Zoisit"},"content":{"rendered":"<p>Unikatan privjesak iz kolekcije Versy iz Rubin Zoisita na crni ko\u017ei podesive du\u017eine (povucite \u010dvor gore ili dolje). Ogrlica je unisex i pogodna je za djecu i odrasle.<\/p>\n<p>MATERIAL: Rubin Zoisit, crna ko\u017ea<br \/>\nDU\u017dINA: podesiva (38-77 cm)<br \/>\nTE\u017dINA: 16,8 g<br \/>\nVELI\u010cINA KAMENA: 1,7 \u00d7 3,2 cm<br \/>\nDEBLJINA KAMENA: 0,7 cm<\/p>","protected":false},"excerpt":{"rendered":"<p>Unikaten obesek kolekcije Versy iz Rubin Zoisita na \u010drnem usnjenem traku s prilagodljivo dol\u017eino (poteg vozla gor oz. dol). Ogrlica je unisex in je primerna za otroke in odrasle. MATERIAL: Rubin Zoisit, \u010drno usnje DOL\u017dINA: prilagodljiva (38-77 cm) TE\u017dA: 16.8 g VELIKOST KAMNA: 1,7&#215;3,2 cm DEBELINA KAMNA: 0,7 cm<\/p>","protected":false},"featured_media":25309,"template":"","meta":[],"product_brand":[],"product_cat":[92,73,309,849],"product_tag":[648,844],"class_list":{"0":"post-25308","1":"product","2":"type-product","3":"status-publish","4":"has-post-thumbnail","6":"product_cat-obeski-in-usnje","7":"product_cat-rubin","8":"product_cat-versy","9":"product_cat-zoisit","10":"product_tag-crno-usnje","11":"product_tag-rubin-zoisit","13":"first","14":"instock","15":"shipping-taxable","16":"purchasable","17":"product-type-simple"},"_links":{"self":[{"href":"https:\/\/moirai.si\/hr\/wp-json\/wp\/v2\/product\/25308","targetHints":{"allow":["GET"]}}],"collection":[{"href":"https:\/\/moirai.si\/hr\/wp-json\/wp\/v2\/product"}],"about":[{"href":"https:\/\/moirai.si\/hr\/wp-json\/wp\/v2\/types\/product"}],"wp:featuredmedia":[{"embeddable":true,"href":"https:\/\/moirai.si\/hr\/wp-json\/wp\/v2\/media\/25309"}],"wp:attachment":[{"href":"https:\/\/moirai.si\/hr\/wp-json\/wp\/v2\/media?parent=25308"}],"wp:term":[{"taxonomy":"product_brand","embeddable":true,"href":"https:\/\/moirai.si\/hr\/wp-json\/wp\/v2\/product_brand?post=25308"},{"taxonomy":"product_cat","embeddable":true,"href":"https:\/\/moirai.si\/hr\/wp-json\/wp\/v2\/product_cat?post=25308"},{"taxonomy":"product_tag","embeddable":true,"href":"https:\/\/moirai.si\/hr\/wp-json\/wp\/v2\/product_tag?post=25308"}],"curies":[{"name":"wp","href":"https:\/\/api.w.org\/{rel}","templated":true}]}}