{"id":25328,"date":"2024-11-30T18:45:42","date_gmt":"2024-11-30T18:45:42","guid":{"rendered":"https:\/\/moirai.si\/?post_type=product&#038;p=25328"},"modified":"2025-03-11T11:46:40","modified_gmt":"2025-03-11T11:46:40","slug":"versy-rozevec-2","status":"publish","type":"product","link":"https:\/\/moirai.si\/hr\/izdelek\/versy-rozevec-2\/","title":{"rendered":"Versy Rozenkvarc"},"content":{"rendered":"<p>Unikatan privjesak iz kolekcije Versy iz Rozenkvarca na crni ko\u017ei podesive du\u017eine (povucite \u010dvor gore ili dolje). Ogrlica je unisex i pogodna je za djecu i odrasle.<\/p>\n<p>MATERIAL: Rozenkvarc, crna ko\u017ea<br \/>\nDU\u017dINA: podesiva (38-77 cm)<br \/>\nTE\u017dA: 8,2 g<br \/>\nVELIKOST KAMNA: 1,3&#215;2,4 cm<br \/>\nDEBLJINA KAMENA: 0,7 cm<\/p>","protected":false},"excerpt":{"rendered":"<p>Unikaten obesek kolekcije Versy iz Ro\u017eevca na \u010drnem usnjenem traku s prilagodljivo dol\u017eino (poteg vozla gor oz. dol). Ogrlica je unisex in je primerna za otroke in odrasle. MATERIAL: Ro\u017eevec, \u010drno usnje DOL\u017dINA: prilagodljiva (38-77 cm) TE\u017dA: 8,2 g VELIKOST KAMNA: 1,3&#215;2,4 cm DEBELINA KAMNA: 0,7 cm<\/p>","protected":false},"featured_media":25329,"template":"","meta":[],"product_brand":[],"product_cat":[92,69,309],"product_tag":[648,225],"class_list":{"0":"post-25328","1":"product","2":"type-product","3":"status-publish","4":"has-post-thumbnail","6":"product_cat-obeski-in-usnje","7":"product_cat-rozevec","8":"product_cat-versy","9":"product_tag-crno-usnje","10":"product_tag-rozevec","12":"first","13":"instock","14":"shipping-taxable","15":"purchasable","16":"product-type-simple"},"_links":{"self":[{"href":"https:\/\/moirai.si\/hr\/wp-json\/wp\/v2\/product\/25328","targetHints":{"allow":["GET"]}}],"collection":[{"href":"https:\/\/moirai.si\/hr\/wp-json\/wp\/v2\/product"}],"about":[{"href":"https:\/\/moirai.si\/hr\/wp-json\/wp\/v2\/types\/product"}],"wp:featuredmedia":[{"embeddable":true,"href":"https:\/\/moirai.si\/hr\/wp-json\/wp\/v2\/media\/25329"}],"wp:attachment":[{"href":"https:\/\/moirai.si\/hr\/wp-json\/wp\/v2\/media?parent=25328"}],"wp:term":[{"taxonomy":"product_brand","embeddable":true,"href":"https:\/\/moirai.si\/hr\/wp-json\/wp\/v2\/product_brand?post=25328"},{"taxonomy":"product_cat","embeddable":true,"href":"https:\/\/moirai.si\/hr\/wp-json\/wp\/v2\/product_cat?post=25328"},{"taxonomy":"product_tag","embeddable":true,"href":"https:\/\/moirai.si\/hr\/wp-json\/wp\/v2\/product_tag?post=25328"}],"curies":[{"name":"wp","href":"https:\/\/api.w.org\/{rel}","templated":true}]}}