{"id":25354,"date":"2024-12-03T12:14:15","date_gmt":"2024-12-03T12:14:15","guid":{"rendered":"https:\/\/moirai.si\/?post_type=product&#038;p=25354"},"modified":"2025-10-21T14:07:54","modified_gmt":"2025-10-21T14:07:54","slug":"argo-turmalin-crni","status":"publish","type":"product","link":"https:\/\/moirai.si\/hr\/izdelek\/argo-turmalin-crni\/","title":{"rendered":"Argo Turmalin crni"},"content":{"rendered":"<p>Elegantna zapestnica kolekcije Argo, ki je narejena iz \u010drnega Turmalina ter rodiniranimi srebrnimi 925 elementi. Zapestnica je nizana na mehko, vendar mo\u010dno jekleno \u017eico. <\/p>\n<p>MATERIAL: crni Turmalin, rodinirano Srebro 925<br \/>\nDOL\u017dINA: prilagodljiva 15,5-18 cm<br \/>\nTE\u017dA:\t12,5 g<br \/>\nVELI\u010cINA KAMENA: 6-8 mm<br \/>\nKOP\u010cA: 9 mm<\/p>","protected":false},"excerpt":{"rendered":"<p>Elegantna zapestnica kolekcije Argo, ki je narejena iz \u010drnega Turmalina ter rodiniranimi srebrnimi 925 elementi. Zapestnica je nizana na mehko, vendar mo\u010dno jekleno \u017eico. MATERIAL: \u010drni Turmalin, rodinirano Srebro 925 DOL\u017dINA: prilagodljiva 15,5-18 cm TE\u017dA: 12,5 g VELIKOST KAMNOV: 6-8 mm ZAPONKA: 9 mm<\/p>","protected":false},"featured_media":26310,"template":"","meta":[],"product_brand":[],"product_cat":[191,820,821,1137,85],"product_tag":[766,637],"class_list":{"0":"post-25354","1":"product","2":"type-product","3":"status-publish","4":"has-post-thumbnail","6":"product_cat-argo","7":"product_cat-do-18cm","8":"product_cat-od-18-do-19cm","9":"product_cat-ogled-vseh-zapestnice-2","10":"product_cat-turmalin","11":"product_tag-crni-turmalin","12":"product_tag-rodinirano-srebro-925","14":"first","15":"instock","16":"shipping-taxable","17":"purchasable","18":"product-type-simple"},"_links":{"self":[{"href":"https:\/\/moirai.si\/hr\/wp-json\/wp\/v2\/product\/25354","targetHints":{"allow":["GET"]}}],"collection":[{"href":"https:\/\/moirai.si\/hr\/wp-json\/wp\/v2\/product"}],"about":[{"href":"https:\/\/moirai.si\/hr\/wp-json\/wp\/v2\/types\/product"}],"wp:featuredmedia":[{"embeddable":true,"href":"https:\/\/moirai.si\/hr\/wp-json\/wp\/v2\/media\/26310"}],"wp:attachment":[{"href":"https:\/\/moirai.si\/hr\/wp-json\/wp\/v2\/media?parent=25354"}],"wp:term":[{"taxonomy":"product_brand","embeddable":true,"href":"https:\/\/moirai.si\/hr\/wp-json\/wp\/v2\/product_brand?post=25354"},{"taxonomy":"product_cat","embeddable":true,"href":"https:\/\/moirai.si\/hr\/wp-json\/wp\/v2\/product_cat?post=25354"},{"taxonomy":"product_tag","embeddable":true,"href":"https:\/\/moirai.si\/hr\/wp-json\/wp\/v2\/product_tag?post=25354"}],"curies":[{"name":"wp","href":"https:\/\/api.w.org\/{rel}","templated":true}]}}