{"id":25379,"date":"2024-12-07T13:45:58","date_gmt":"2024-12-07T13:45:58","guid":{"rendered":"https:\/\/moirai.si\/?post_type=product&#038;p=25379"},"modified":"2025-01-06T17:08:47","modified_gmt":"2025-01-06T17:08:47","slug":"privjesak-ruza-3","status":"publish","type":"product","link":"https:\/\/moirai.si\/hr\/izdelek\/obesek-rozevec-3\/","title":{"rendered":"Privjesak Rozenkvarc"},"content":{"rendered":"<p>Prekrasan privjesak od Rozenkvarca i 925 srebra. Lanac nije uklju\u010den u cijenu. Ovdje mo\u017eete odabrati novi lanac: <a href=\"https:\/\/moirai.si\/hr\/kategorija-proizvoda\/privjesci-i-lancici\/lanci-i-uzice\/\" target=\"_blank\" rel=\"noopener noreferrer\">Lanci<\/a><\/p>\n<p>MATERIJAL: Rozenkvarc, srebro 925<br \/>\nTE\u017dINA: 2,9 g<br \/>\nVELI\u010cINA KAMENA: 0,9-2,8 cm<br \/>\nDEBLJINA KAMENA: 0,6 cm<br \/>\nDU\u017dINA PRIVJESKA: 2,9cm<\/p>","protected":false},"excerpt":{"rendered":"<p>\u010cudovit obesek Ro\u017eevca in srebra 925. Veri\u017eica ni vklju\u010dena v ceno. Novo veri\u017eico si lahko izberete tukaj: Veri\u017eice MATERIAL: Ro\u017eevec, Srebro 925 TE\u017dA: 2,9 g VELIKOST KAMNA: 0,9-2,8cm DEBELINA KAMNA: 0,6 cm DOL\u017dINA OBESKA: 2,9cm<\/p>","protected":false},"featured_media":25380,"template":"","meta":[],"product_brand":[],"product_cat":[910,69],"product_tag":[225,371],"class_list":{"0":"post-25379","1":"product","2":"type-product","3":"status-publish","4":"has-post-thumbnail","6":"product_cat-obeski-in-srebro","7":"product_cat-rozevec","8":"product_tag-rozevec","9":"product_tag-srebro-925","11":"first","12":"instock","13":"shipping-taxable","14":"purchasable","15":"product-type-simple"},"_links":{"self":[{"href":"https:\/\/moirai.si\/hr\/wp-json\/wp\/v2\/product\/25379","targetHints":{"allow":["GET"]}}],"collection":[{"href":"https:\/\/moirai.si\/hr\/wp-json\/wp\/v2\/product"}],"about":[{"href":"https:\/\/moirai.si\/hr\/wp-json\/wp\/v2\/types\/product"}],"wp:featuredmedia":[{"embeddable":true,"href":"https:\/\/moirai.si\/hr\/wp-json\/wp\/v2\/media\/25380"}],"wp:attachment":[{"href":"https:\/\/moirai.si\/hr\/wp-json\/wp\/v2\/media?parent=25379"}],"wp:term":[{"taxonomy":"product_brand","embeddable":true,"href":"https:\/\/moirai.si\/hr\/wp-json\/wp\/v2\/product_brand?post=25379"},{"taxonomy":"product_cat","embeddable":true,"href":"https:\/\/moirai.si\/hr\/wp-json\/wp\/v2\/product_cat?post=25379"},{"taxonomy":"product_tag","embeddable":true,"href":"https:\/\/moirai.si\/hr\/wp-json\/wp\/v2\/product_tag?post=25379"}],"curies":[{"name":"wp","href":"https:\/\/api.w.org\/{rel}","templated":true}]}}