{"id":25385,"date":"2024-12-07T14:53:14","date_gmt":"2024-12-07T14:53:14","guid":{"rendered":"https:\/\/moirai.si\/?post_type=product&#038;p=25385"},"modified":"2025-09-25T10:46:55","modified_gmt":"2025-09-25T10:46:55","slug":"privjesak-od-karneola-3","status":"publish","type":"product","link":"https:\/\/moirai.si\/hr\/izdelek\/obesek-karneol-3\/","title":{"rendered":"Privjesak Karneol"},"content":{"rendered":"<p>Prekrasan privjesak od karneola i srebra 925. Lanac nije uklju\u010den u cijenu. Novi lanac mo\u017eete odabrati ovdje: <a href=\"https:\/\/moirai.si\/hr\/kategorija-proizvoda\/privjesci-i-lancici\/lanci-i-uzice\/\" target=\"_blank\" rel=\"noopener noreferrer\">Lanci<\/a><\/p>\n<p>MATERIJAL: karneol, srebro 925<br \/>\nTE\u017dINA: 5,9 g<br \/>\nVELI\u010cINA KAMENA: 1,4-2,1 cm<br \/>\nDEBLJINA KAMENA: 0,7 cm<br \/>\nDU\u017dINA PRIVJESKA: 3,4cm<\/p>","protected":false},"excerpt":{"rendered":"<p>\u010cudovit obesek Karneola in srebra 925. Veri\u017eica ni vklju\u010dena v ceno. Novo veri\u017eico si lahko izberete tukaj: Veri\u017eice MATERIAL: Karneol, Srebro 925 TE\u017dA: 5,9 g VELIKOST KAMNA: 1,4-2,1cm DEBELINA KAMNA: 0,7 cm DOL\u017dINA OBESKA: 3,4cm<\/p>","protected":false},"featured_media":25386,"template":"","meta":[],"product_brand":[],"product_cat":[48,910],"product_tag":[198,371],"class_list":{"0":"post-25385","1":"product","2":"type-product","3":"status-publish","4":"has-post-thumbnail","6":"product_cat-karneol","7":"product_cat-obeski-in-srebro","8":"product_tag-karneol","9":"product_tag-srebro-925","11":"first","12":"instock","13":"shipping-taxable","14":"purchasable","15":"product-type-simple"},"_links":{"self":[{"href":"https:\/\/moirai.si\/hr\/wp-json\/wp\/v2\/product\/25385","targetHints":{"allow":["GET"]}}],"collection":[{"href":"https:\/\/moirai.si\/hr\/wp-json\/wp\/v2\/product"}],"about":[{"href":"https:\/\/moirai.si\/hr\/wp-json\/wp\/v2\/types\/product"}],"wp:featuredmedia":[{"embeddable":true,"href":"https:\/\/moirai.si\/hr\/wp-json\/wp\/v2\/media\/25386"}],"wp:attachment":[{"href":"https:\/\/moirai.si\/hr\/wp-json\/wp\/v2\/media?parent=25385"}],"wp:term":[{"taxonomy":"product_brand","embeddable":true,"href":"https:\/\/moirai.si\/hr\/wp-json\/wp\/v2\/product_brand?post=25385"},{"taxonomy":"product_cat","embeddable":true,"href":"https:\/\/moirai.si\/hr\/wp-json\/wp\/v2\/product_cat?post=25385"},{"taxonomy":"product_tag","embeddable":true,"href":"https:\/\/moirai.si\/hr\/wp-json\/wp\/v2\/product_tag?post=25385"}],"curies":[{"name":"wp","href":"https:\/\/api.w.org\/{rel}","templated":true}]}}