{"id":25395,"date":"2024-12-07T17:40:43","date_gmt":"2024-12-07T17:40:43","guid":{"rendered":"https:\/\/moirai.si\/?post_type=product&#038;p=25395"},"modified":"2025-01-06T17:07:41","modified_gmt":"2025-01-06T17:07:41","slug":"privjesak-od-crvenog-granata","status":"publish","type":"product","link":"https:\/\/moirai.si\/hr\/izdelek\/obesek-granat-rdeci\/","title":{"rendered":"Privjesak Crveni granat"},"content":{"rendered":"<p>Privjesak crveni Granat i srebro 925. Lanac nije uklju\u010den u cijenu. Ovdje mo\u017eete odabrati novi lanac: <a href=\"https:\/\/moirai.si\/hr\/kategorija-proizvoda\/privjesci-i-lancici\/lanci-i-uzice\/\" target=\"_blank\" rel=\"noopener noreferrer\">Lanci<\/a><\/p>\n<p>MATERIJALI: crveni granat, srebro 925<br \/>\nTE\u017dINA: 9,1 g<br \/>\nVELI\u010cINA KAMENA: 1,6-1,7cm<br \/>\nDEBLJINA KAMENA: 0,9 cm<br \/>\nDU\u017dINA PRIVJESKA: 2,7cm<\/p>","protected":false},"excerpt":{"rendered":"<p>\u010cudovit obesek rde\u010dega Granata in srebra 925. Veri\u017eica ni vklju\u010dena v ceno. Novo veri\u017eico si lahko izberete tukaj: Veri\u017eice MATERIAL: rde\u010di Granat, Srebro 925 TE\u017dA: 9,1 g VELIKOST KAMNA: 1,6-1,7cm DEBELINA KAMNA: 0,9 cm DOL\u017dINA OBESKA: 2,7cm<\/p>","protected":false},"featured_media":25396,"template":"","meta":[],"product_brand":[],"product_cat":[41,910],"product_tag":[869,371],"class_list":{"0":"post-25395","1":"product","2":"type-product","3":"status-publish","4":"has-post-thumbnail","6":"product_cat-granat","7":"product_cat-obeski-in-srebro","8":"product_tag-rdeci-granat","9":"product_tag-srebro-925","11":"first","12":"instock","13":"shipping-taxable","14":"purchasable","15":"product-type-simple"},"_links":{"self":[{"href":"https:\/\/moirai.si\/hr\/wp-json\/wp\/v2\/product\/25395","targetHints":{"allow":["GET"]}}],"collection":[{"href":"https:\/\/moirai.si\/hr\/wp-json\/wp\/v2\/product"}],"about":[{"href":"https:\/\/moirai.si\/hr\/wp-json\/wp\/v2\/types\/product"}],"wp:featuredmedia":[{"embeddable":true,"href":"https:\/\/moirai.si\/hr\/wp-json\/wp\/v2\/media\/25396"}],"wp:attachment":[{"href":"https:\/\/moirai.si\/hr\/wp-json\/wp\/v2\/media?parent=25395"}],"wp:term":[{"taxonomy":"product_brand","embeddable":true,"href":"https:\/\/moirai.si\/hr\/wp-json\/wp\/v2\/product_brand?post=25395"},{"taxonomy":"product_cat","embeddable":true,"href":"https:\/\/moirai.si\/hr\/wp-json\/wp\/v2\/product_cat?post=25395"},{"taxonomy":"product_tag","embeddable":true,"href":"https:\/\/moirai.si\/hr\/wp-json\/wp\/v2\/product_tag?post=25395"}],"curies":[{"name":"wp","href":"https:\/\/api.w.org\/{rel}","templated":true}]}}