{"id":25397,"date":"2024-12-07T17:48:17","date_gmt":"2024-12-07T17:48:17","guid":{"rendered":"https:\/\/moirai.si\/?post_type=product&#038;p=25397"},"modified":"2025-01-06T17:07:35","modified_gmt":"2025-01-06T17:07:35","slug":"privjesak-od-dimljenog-kvarca","status":"publish","type":"product","link":"https:\/\/moirai.si\/hr\/izdelek\/obesek-kvarc-dimni\/","title":{"rendered":"Privjesak Dimni kvarc"},"content":{"rendered":"<p>\u010cudovit obesek Dimnega Kvarca in srebra 925. Veri\u017eica ni vklju\u010dena v ceno. Novo veri\u017eico si lahko izberete tukaj: <a href=\"https:\/\/moirai.si\/hr\/kategorija-proizvoda\/privjesci-i-lancici\/lanci-i-uzice\/\" target=\"_blank\" rel=\"noopener noreferrer\">Lanci<\/a><\/p>\n<p>MATERIJAL: dimljeni kvarc, srebro 925<br \/>\nTE\u017dINA: 10,4g<br \/>\nVELI\u010cINA KAMENA: 1,9-2,4cm<br \/>\nDEBLJINA KAMENA: 1 cm<br \/>\nDU\u017dINA PRIVJESKA: 3,2cm<\/p>","protected":false},"excerpt":{"rendered":"<p>\u010cudovit obesek Dimnega Kvarca in srebra 925. Veri\u017eica ni vklju\u010dena v ceno. Novo veri\u017eico si lahko izberete tukaj: Veri\u017eice MATERIAL: dimni Kvarc, Srebro 925 TE\u017dA: 10,4g VELIKOST KAMNA: 1,9-2,4cm DEBELINA KAMNA: 1 cm DOL\u017dINA OBESKA: 3,2cm<\/p>","protected":false},"featured_media":25398,"template":"","meta":[],"product_brand":[],"product_cat":[848,910],"product_tag":[365,371],"class_list":{"0":"post-25397","1":"product","2":"type-product","3":"status-publish","4":"has-post-thumbnail","6":"product_cat-kvarc","7":"product_cat-obeski-in-srebro","8":"product_tag-dimni-kvarc","9":"product_tag-srebro-925","11":"first","12":"instock","13":"shipping-taxable","14":"purchasable","15":"product-type-simple"},"_links":{"self":[{"href":"https:\/\/moirai.si\/hr\/wp-json\/wp\/v2\/product\/25397","targetHints":{"allow":["GET"]}}],"collection":[{"href":"https:\/\/moirai.si\/hr\/wp-json\/wp\/v2\/product"}],"about":[{"href":"https:\/\/moirai.si\/hr\/wp-json\/wp\/v2\/types\/product"}],"wp:featuredmedia":[{"embeddable":true,"href":"https:\/\/moirai.si\/hr\/wp-json\/wp\/v2\/media\/25398"}],"wp:attachment":[{"href":"https:\/\/moirai.si\/hr\/wp-json\/wp\/v2\/media?parent=25397"}],"wp:term":[{"taxonomy":"product_brand","embeddable":true,"href":"https:\/\/moirai.si\/hr\/wp-json\/wp\/v2\/product_brand?post=25397"},{"taxonomy":"product_cat","embeddable":true,"href":"https:\/\/moirai.si\/hr\/wp-json\/wp\/v2\/product_cat?post=25397"},{"taxonomy":"product_tag","embeddable":true,"href":"https:\/\/moirai.si\/hr\/wp-json\/wp\/v2\/product_tag?post=25397"}],"curies":[{"name":"wp","href":"https:\/\/api.w.org\/{rel}","templated":true}]}}