{"id":25407,"date":"2024-12-07T18:05:50","date_gmt":"2024-12-07T18:05:50","guid":{"rendered":"https:\/\/moirai.si\/?post_type=product&#038;p=25407"},"modified":"2025-08-19T18:16:06","modified_gmt":"2025-08-19T18:16:06","slug":"obesek-kamena-strela-3","status":"publish","type":"product","link":"https:\/\/moirai.si\/hr\/izdelek\/obesek-kamena-strela-3\/","title":{"rendered":"Privjesak Gorski kristal"},"content":{"rendered":"<p>Prekrasan privjesak od Gorskog Kristala i srebra 925. Lanac nije uklju\u010den u cijenu. Ovdje mo\u017eete odabrati novi lanac <a href=\"https:\/\/moirai.si\/hr\/kategorija-proizvoda\/privjesci-i-lancici\/lanci-i-uzice\/\" target=\"_blank\" rel=\"noopener noreferrer\">Lanci<\/a><\/p>\n<p>MATERIJAL: Gorski Kristal, srebro 925<br \/>\nTE\u017dA: 13,3g<br \/>\nVELIKOST KAMNA: 2-3,5cm<br \/>\nDEBLJINA KAMENA: 0,9cm<br \/>\nDOL\u017dINA OBESKA: 4,9cm<\/p>","protected":false},"excerpt":{"rendered":"<p>\u010cudovit obesek Kamene Strele in srebra 925. Veri\u017eica ni vklju\u010dena v ceno. Novo veri\u017eico si lahko izberete tukaj: Veri\u017eice MATERIAL: Kamena Strela, Srebro 925 TE\u017dA: 13,3g VELIKOST KAMNA: 2-3,5cm DEBELINA KAMNA: 0,9cm DOL\u017dINA OBESKA: 4,9cm<\/p>","protected":false},"featured_media":25408,"template":"","meta":[],"product_brand":[],"product_cat":[687,688,68,910],"product_tag":[203,371],"class_list":{"0":"post-25407","1":"product","2":"type-product","3":"status-publish","4":"has-post-thumbnail","6":"product_cat-biser","7":"product_cat-biserovina","8":"product_cat-kamena-strela","9":"product_cat-obeski-in-srebro","10":"product_tag-kamena-strela","11":"product_tag-srebro-925","13":"first","14":"instock","15":"shipping-taxable","16":"purchasable","17":"product-type-simple"},"_links":{"self":[{"href":"https:\/\/moirai.si\/hr\/wp-json\/wp\/v2\/product\/25407","targetHints":{"allow":["GET"]}}],"collection":[{"href":"https:\/\/moirai.si\/hr\/wp-json\/wp\/v2\/product"}],"about":[{"href":"https:\/\/moirai.si\/hr\/wp-json\/wp\/v2\/types\/product"}],"wp:featuredmedia":[{"embeddable":true,"href":"https:\/\/moirai.si\/hr\/wp-json\/wp\/v2\/media\/25408"}],"wp:attachment":[{"href":"https:\/\/moirai.si\/hr\/wp-json\/wp\/v2\/media?parent=25407"}],"wp:term":[{"taxonomy":"product_brand","embeddable":true,"href":"https:\/\/moirai.si\/hr\/wp-json\/wp\/v2\/product_brand?post=25407"},{"taxonomy":"product_cat","embeddable":true,"href":"https:\/\/moirai.si\/hr\/wp-json\/wp\/v2\/product_cat?post=25407"},{"taxonomy":"product_tag","embeddable":true,"href":"https:\/\/moirai.si\/hr\/wp-json\/wp\/v2\/product_tag?post=25407"}],"curies":[{"name":"wp","href":"https:\/\/api.w.org\/{rel}","templated":true}]}}