{"id":25419,"date":"2024-12-07T18:34:18","date_gmt":"2024-12-07T18:34:18","guid":{"rendered":"https:\/\/moirai.si\/?post_type=product&#038;p=25419"},"modified":"2025-02-19T18:41:43","modified_gmt":"2025-02-19T18:41:43","slug":"obesek-ahat-drevesni","status":"publish","type":"product","link":"https:\/\/moirai.si\/hr\/izdelek\/obesek-ahat-drevesni\/","title":{"rendered":"Privjesak Ahat Drveni"},"content":{"rendered":"<p>Prekrasan privjesak od 925 srebra i Drvenog Ahata. Lanac nije uklju\u010den u cijenu. Ovdje mo\u017eete odabrati novi lanac: <a href=\"https:\/\/moirai.si\/hr\/kategorija-proizvoda\/privjesci-i-lancici\/lanci-i-uzice\/\" target=\"_blank\" rel=\"noopener noreferrer\">Lanci<\/a><\/p>\n<p>Vi\u0161e informacija: <a href=\"https:\/\/moirai.si\/hr\/ahat\/\" target=\"_blank\" rel=\"noopener noreferrer\">Ahat<\/a><\/p>\n<p>MATERIAL: Drveni Ahat, Srebro 925<br \/>\nTE\u017dINA: 8g<br \/>\nVELIKOST KAMNA: 2-2,1cm<br \/>\nDEBLJINA KAMENA: 0,8cm<br \/>\nDU\u017dINA PRIVJESKA: 3,2cm<\/p>","protected":false},"excerpt":{"rendered":"<p>\u010cudovit obesek Drevesnega Ahata in srebra 925. Veri\u017eica ni vklju\u010dena v ceno. Novo veri\u017eico si lahko izberete tukaj: Veri\u017eice Ve\u010d informacij: Ahat MATERIAL: Drevesni Ahat, Srebro 925 TE\u017dA: 8g VELIKOST KAMNA: 2-2,1cm DEBELINA KAMNA: 0,8cm DOL\u017dINA OBESKA: 3,2cm<\/p>","protected":false},"featured_media":25420,"template":"","meta":[],"product_brand":[],"product_cat":[30,910],"product_tag":[482,371],"class_list":{"0":"post-25419","1":"product","2":"type-product","3":"status-publish","4":"has-post-thumbnail","6":"product_cat-ahat","7":"product_cat-obeski-in-srebro","8":"product_tag-drevesni-ahat","9":"product_tag-srebro-925","11":"first","12":"instock","13":"shipping-taxable","14":"purchasable","15":"product-type-simple"},"_links":{"self":[{"href":"https:\/\/moirai.si\/hr\/wp-json\/wp\/v2\/product\/25419","targetHints":{"allow":["GET"]}}],"collection":[{"href":"https:\/\/moirai.si\/hr\/wp-json\/wp\/v2\/product"}],"about":[{"href":"https:\/\/moirai.si\/hr\/wp-json\/wp\/v2\/types\/product"}],"wp:featuredmedia":[{"embeddable":true,"href":"https:\/\/moirai.si\/hr\/wp-json\/wp\/v2\/media\/25420"}],"wp:attachment":[{"href":"https:\/\/moirai.si\/hr\/wp-json\/wp\/v2\/media?parent=25419"}],"wp:term":[{"taxonomy":"product_brand","embeddable":true,"href":"https:\/\/moirai.si\/hr\/wp-json\/wp\/v2\/product_brand?post=25419"},{"taxonomy":"product_cat","embeddable":true,"href":"https:\/\/moirai.si\/hr\/wp-json\/wp\/v2\/product_cat?post=25419"},{"taxonomy":"product_tag","embeddable":true,"href":"https:\/\/moirai.si\/hr\/wp-json\/wp\/v2\/product_tag?post=25419"}],"curies":[{"name":"wp","href":"https:\/\/api.w.org\/{rel}","templated":true}]}}