{"id":25432,"date":"2024-12-08T12:19:28","date_gmt":"2024-12-08T12:19:28","guid":{"rendered":"https:\/\/moirai.si\/?post_type=product&#038;p=25432"},"modified":"2025-09-25T11:06:24","modified_gmt":"2025-09-25T11:06:24","slug":"privjesak-od-larimara","status":"publish","type":"product","link":"https:\/\/moirai.si\/hr\/izdelek\/obesek-larimar\/","title":{"rendered":"Privjesak Larimar"},"content":{"rendered":"<p>\u010cudovit obesek Larimarja in srebra 925. Veri\u017eica ni vklju\u010dena v ceno. Novo veri\u017eico si lahko izberete tukaj: <a href=\"https:\/\/moirai.si\/hr\/kategorija-proizvoda\/privjesci-i-lancici\/lanci-i-uzice\/\" target=\"_blank\" rel=\"noopener noreferrer\">Lanci<\/a><\/p>\n<p>MATERIJAL: Larimar, srebro 925<br \/>\nTE\u017dINA: 1,9g<br \/>\nVELI\u010cINA KAMENA: 0,8 cm<br \/>\nDEBLJINA KAMENA: 0,8 cm<br \/>\nDU\u017dINA PRIVJESKA: 1,9 cm<\/p>","protected":false},"excerpt":{"rendered":"<p>\u010cudovit obesek Larimarja in srebra 925. Veri\u017eica ni vklju\u010dena v ceno. Novo veri\u017eico si lahko izberete tukaj: Veri\u017eice MATERIAL: Larimar, Srebro 925 TE\u017dA: 1,9g VELIKOST KAMNA: 0,8 cm DEBELINA KAMNA: 0,8 cm DOL\u017dINA OBESKA: 1,9 cm<\/p>","protected":false},"featured_media":25433,"template":"","meta":[],"product_brand":[],"product_cat":[57,910],"product_tag":[562,371],"class_list":{"0":"post-25432","1":"product","2":"type-product","3":"status-publish","4":"has-post-thumbnail","6":"product_cat-larimar","7":"product_cat-obeski-in-srebro","8":"product_tag-larimar","9":"product_tag-srebro-925","11":"first","12":"instock","13":"shipping-taxable","14":"purchasable","15":"product-type-simple"},"_links":{"self":[{"href":"https:\/\/moirai.si\/hr\/wp-json\/wp\/v2\/product\/25432","targetHints":{"allow":["GET"]}}],"collection":[{"href":"https:\/\/moirai.si\/hr\/wp-json\/wp\/v2\/product"}],"about":[{"href":"https:\/\/moirai.si\/hr\/wp-json\/wp\/v2\/types\/product"}],"wp:featuredmedia":[{"embeddable":true,"href":"https:\/\/moirai.si\/hr\/wp-json\/wp\/v2\/media\/25433"}],"wp:attachment":[{"href":"https:\/\/moirai.si\/hr\/wp-json\/wp\/v2\/media?parent=25432"}],"wp:term":[{"taxonomy":"product_brand","embeddable":true,"href":"https:\/\/moirai.si\/hr\/wp-json\/wp\/v2\/product_brand?post=25432"},{"taxonomy":"product_cat","embeddable":true,"href":"https:\/\/moirai.si\/hr\/wp-json\/wp\/v2\/product_cat?post=25432"},{"taxonomy":"product_tag","embeddable":true,"href":"https:\/\/moirai.si\/hr\/wp-json\/wp\/v2\/product_tag?post=25432"}],"curies":[{"name":"wp","href":"https:\/\/api.w.org\/{rel}","templated":true}]}}